{"id":10574,"date":"2024-05-20T08:27:39","date_gmt":"2024-05-20T08:27:39","guid":{"rendered":"https:\/\/lalicup.com\/?page_id=10574"},"modified":"2024-05-22T06:35:15","modified_gmt":"2024-05-22T06:35:15","slug":"lalicup-are","status":"publish","type":"page","link":"https:\/\/lalicup.com\/hr\/lalicup-are\/","title":{"rendered":"About us"},"content":{"rendered":"<section class=\"bde-section-10574-125 bde-section\">\n  \n\t\n\n\n\n<div class=\"section-container\"><\/div>\n<\/section><section class=\"bde-section-10574-126 bde-section\">\n  \n\t\n\n\n\n<div class=\"section-container\"><h1 class=\"bde-heading-10574-127 bde-heading\">\nO NAMA\n<\/h1><\/div>\n<\/section><section class=\"bde-section-10574-128 bde-section\">\n  \n\t\n\n\n\n<div class=\"section-container\"><h1 class=\"bde-heading-10574-129 bde-heading\">\nOSNIVA\u010c\n<\/h1><div class=\"bde-rich-text-10574-130 bde-rich-text breakdance-rich-text-styles\">\n<p>Sje\u0107a li se koja od vas prve mjese\u010dnice? Mateja Kalin, izvr\u0161na direktorica Bujake doo. i osniva\u010d LaliCup menstrualne \u010da\u0161ice, sigurno. \u201cNaravno, nisam bila spremna... Dobila sam ju tijekom \u0161kolskog dana. Sva upla\u0161ena i zbunjena otr\u010dala sam na wc, na brzinu gurnula wc papir u hla\u010de i pravila se da se ni\u0161ta nije dogodilo. Doma sam rekla mami koja mi je poklonila ulo\u0161ke i tu je ta muka bila kraj. Sjajno! Tako sam sada 11-godi\u0161nja djevoj\u010dica koja hoda kao patka zahvaljuju\u0107i ulo\u0161cima (jer su kasnih 80-ih vi\u0161e li\u010dili na pelene nego na ulo\u0161ke kakve danas poznajemo).<\/p><p>U djetinjstvu sam se u\u017easavala vremena kada smo tijekom ljetnih praznika odlazili na pla\u017eu u isto vrijeme kad sam ja imala menstruaciju. Naravno, tamponi su bili mogu\u0107e rje\u0161enje, ali uvijek su mi bili u\u017easno neudobni i morala sam ih mijenjati svaka 2-3 sata (zbog velikog curenja). Druga bi opcija bila tjedan dana slobodnog plivanja, ali kao dijete nisam \u017eelio propustiti svu zabavu koju sam imao u vodi.<\/p><p>Uvijek mi je u glavi bila ta ideja da mora postojati bolje rje\u0161enje za mjese\u010dne probleme; onaj koji vam omogu\u0107uje plivanje i dr\u017ei vi\u0161e od 3 sata prije promjene. I tako sam, u svojim dvadesetima, kona\u010dno otkrila menstrualne \u010da\u0161ice i oh kako su se plime promijenile!<\/p><p>Sa \u017eeljom da prosvijetlim i druge \u017eene koje se tako\u0111er bore s menstrualnim problemima, postala sam samoprogla\u0161ena \u201cambasadorica \u017eenske intimne higijene tijekom menstruacije\u201d u Sloveniji. Moj najve\u0107i izazov bio je promijeniti naviku kori\u0161tenja tampona i ulo\u017eaka, koja je jo\u0161 uvijek bila duboko ukorijenjena u mentalitetu mnogih \u017eena, ali moja uvjerenja i ustrajnost vode me naprijed.<\/p><p>Najprije sam po\u010dela uvoziti jo\u0161 jednu menstrualnu \u010da\u0161icu u Sloveniju, ali sam ubrzo shvatila da ne zadovoljava moje potrebe jer imam jako obilno curenje, pa sam odlu\u010dila izraditi prvu slovensku menstrualnu \u010da\u0161icu. Koriste\u0107i razli\u010dita iskustva mene i mojih prijateljica kao referencu, u kombinaciji sa stru\u010dnim savjetima, najkvalitetnijim materijalima i modernim procesima proizvodnje, nastala je LaliCup \u2013 \u0161alica za \u017eene s jakim protokom.<\/p><p>Trebalo je nekoliko godina, ali sada sam sretna \u0161to mogu izvijestiti da sve vi\u0161e \u017eena zna za razli\u010dite alternative menstruaciji. Odlu\u010dili su koristiti LaliCup iz vi\u0161e razloga: broj jedan je njegov veliki kapacitet, ali druga tri razloga, prema mojim suradnicima koji \u010ditaju poslovne e-mailove, su udobnost, okoli\u0161 i ekonomski aspekti. I to je ono \u0161to bih smatrao najboljim dijelom svog posla: osje\u0107aj koji imate kada znate da va\u0161 rad ima smisla i da je nekome promijenio \u017eivot na bolje!<\/p><p>Uvijek cijenimo povratne informacije kupaca, jer nam je va\u0161e zadovoljstvo vrlo va\u017eno, pa nas slobodno kontaktirajte ako imate \u0161to pitati ili re\u0107i (mo\u017eete jednostavno pozdraviti).\"<\/p>\n<\/div><\/div>\n<\/section><section class=\"bde-section-10574-131 bde-section\">\n  \n\t\n\n\n\n<div class=\"section-container\"><div class=\"bde-columns-10574-132 bde-columns\"><div class=\"bde-column-10574-133 bde-column\">\n  \n\t\n\n\n\n<div class=\"bde-image-10574-134 bde-image\">\n  \n\n\n\n\n\n<figure class=\"breakdance-image breakdance-image--334\">\n\t<div class=\"breakdance-image-container\">\n\t\t<div class=\"breakdance-image-clip\">\n\t\t\t\n\t\t\t\t\n\t\t\t\t\t      \n  \n  \n  \n  \n      \n      <img loading=\"lazy\" decoding=\"async\"\n      class=\"breakdance-image-object\"\n      src=\"https:\/\/lalicup.com\/wp-content\/uploads\/2023\/11\/20150420_162059-e1575901690324-202x300_2-removebg-preview.png\"\n      width=\"336\"\n      height=\"500\"\n      \n      \n                                    srcset=\"https:\/\/lalicup.com\/wp-content\/uploads\/2023\/11\/20150420_162059-e1575901690324-202x300_2-removebg-preview.png 336w, https:\/\/lalicup.com\/wp-content\/uploads\/2023\/11\/20150420_162059-e1575901690324-202x300_2-removebg-preview-202x300.png 202w\"\n                                                                      >\n  \n\n\t\t\t\t\t\n\t\t\t\t\t\t<\/div>\n\t<\/div>\n\n\t<\/figure>\n\n<\/div>\n<\/div><div class=\"bde-column-10574-135 bde-column\">\n  \n\t\n\n\n\n<h1 class=\"bde-heading-10574-136 bde-heading\">\nZa\u0161to naziv \u201eLaliCup\u201c?\n<\/h1><div class=\"bde-rich-text-10574-137 bde-rich-text breakdance-rich-text-styles\">\n<p>Rije\u010d \u201eLali\u201c osmislila je dvogodi\u0161nja k\u0107erka Klara. Ova ljupka djevoj\u010dica, koja jo\u0161 uvijek ne zna pravilno izgovoriti vlastito ime, smislila je nadimak za sebe \u201eLali\u201c i svojom mladom, nevinom i pozitivnom energijom inspirirala nas da \u0161alicu nazovemo po njoj. Njezino pravo ime \u201eKlara\u201c dolazi od rije\u010di \u201eclarus\u201c \u0161to zna\u010di bistar, \u0161to ujedno opisuje i ideju kori\u0161tenja menstrualne \u010da\u0161ice.<\/p><p>Druga inspiracija dolazi iz sloga \u201eLi\u201c koji, prema drevnoj kineskoj kulturi, ilustrira dinami\u010dan slijed uzoraka u prirodi (Li- prirodni poredak protoka; Li- prekrasan plesni uzorak teku\u0107ine), od kojih je jedan i \u017eenski mjese\u010dni ciklus.<\/p><p>Kru\u017eni i spiralni uzorci ponavljaju se beskrajno kroz razli\u010dita lica prirode, kao \u0161to su uzorci poput o\u010diju na paunovim perima, spirala na pu\u017eevu oklopu, \u017eilice lista, spiralno strujanje vode, raspored cvjetnih latica i cvjetova te oblik mjeseca. i sunce. Sve opisuje skriveni jezik prirode kojim su govorili na\u0161i preci i drevne kulture.<\/p><p>Dakle, naziv \u201eLali\u201c pun je simboli\u010dnog zna\u010denja opisuju\u0107i \u010disti prirodni tijek i dinami\u010dne obrasce prirode.<\/p>\n<\/div>\n<\/div><\/div><\/div>\n<\/section><section class=\"bde-section-10574-138 bde-section\">\n  \n\t\n\n\n\n<div class=\"section-container\"><div class=\"bde-columns-10574-139 bde-columns\"><div class=\"bde-column-10574-140 bde-column\">\n  \n\t\n\n\n\n<h1 class=\"bde-heading-10574-141 bde-heading\">\nNA\u0160A MISIJA I VIZIJA\n<\/h1><div class=\"bde-rich-text-10574-142 bde-rich-text breakdance-rich-text-styles\">\n<p>\u201cMi smo grupa prijatelja koji sukreiraju put prve slovenske menstrualne \u010da\u0161ice LaliCup i zala\u017eemo se za bolji, ljep\u0161i i ugodniji \u017eivot tijekom menstruacije.\u201d<\/p><p>\u201c\u017delimo svim \u017eenama osigurati bezbri\u017ene dane tijekom menstruacije.\u201d<\/p><p>\u201c\u0160irimo ideju zdrave alternative za \u017eene, koja promi\u010de \u017eivot u skladu sa sobom i pribli\u017eavanje sjedinjenju s prirodom.\u201d<\/p><p>\u201cSlovensku marku LaliCup \u017eelimo predstaviti svijetu. Priroda ne poznaje granice!\u201d<\/p><p>\u201cMi smo cool cure, sve s menstrualnim gr\u010devima. \u017delja nam je da menstrualne tegobe pretvorimo u jedno veselje tijekom menstruacije.\u201d<\/p>\n<\/div>\n<\/div><div class=\"bde-column-10574-143 bde-column\">\n  \n\t\n\n\n\n<div class=\"bde-image-10574-144 bde-image\">\n  \n\n\n\n\n\n<figure class=\"breakdance-image breakdance-image--336\">\n\t<div class=\"breakdance-image-container\">\n\t\t<div class=\"breakdance-image-clip\">\n\t\t\t\n\t\t\t\t\n\t\t\t\t\t      \n  \n  \n  \n  \n      \n      <img loading=\"lazy\" decoding=\"async\"\n      class=\"breakdance-image-object\"\n      src=\"https:\/\/lalicup.com\/wp-content\/uploads\/2023\/11\/IMG_5049.jpg\"\n      width=\"1600\"\n      height=\"1066\"\n      \n      \n                                    srcset=\"https:\/\/lalicup.com\/wp-content\/uploads\/2023\/11\/IMG_5049.jpg 1600w, https:\/\/lalicup.com\/wp-content\/uploads\/2023\/11\/IMG_5049-300x200.jpg 300w, https:\/\/lalicup.com\/wp-content\/uploads\/2023\/11\/IMG_5049-1024x682.jpg 1024w, https:\/\/lalicup.com\/wp-content\/uploads\/2023\/11\/IMG_5049-768x512.jpg 768w, https:\/\/lalicup.com\/wp-content\/uploads\/2023\/11\/IMG_5049-1536x1023.jpg 1536w, https:\/\/lalicup.com\/wp-content\/uploads\/2023\/11\/IMG_5049-600x400.jpg 600w\"\n                                                                      >\n  \n\n\t\t\t\t\t\n\t\t\t\t\t\t<\/div>\n\t<\/div>\n\n\t<\/figure>\n\n<\/div>\n<\/div><\/div><\/div>\n<\/section>","protected":false},"excerpt":{"rendered":"<p>ABOUT US FOUNDER Does any of you remember their first period? Mateja Kalin, Executive Director of Bujaka ltd. and founder of LaliCup menstrual cup, sure does. \u201cOf course, I was not ready\u2026 I got it during a school day. I ran to the toilet all scared and confused, quickly shoved some toilet paper down my [&hellip;]<\/p>","protected":false},"author":1,"featured_media":0,"parent":0,"menu_order":0,"comment_status":"closed","ping_status":"closed","template":"","meta":{"_mo_disable_npp":"","om_disable_all_campaigns":false,"_breakdance_hide_in_design_set":false,"_breakdance_tags":"","footnotes":""},"class_list":["post-10574","page","type-page","status-publish","hentry"],"aioseo_notices":[],"_links":{"self":[{"href":"https:\/\/lalicup.com\/hr\/wp-json\/wp\/v2\/pages\/10574","targetHints":{"allow":["GET"]}}],"collection":[{"href":"https:\/\/lalicup.com\/hr\/wp-json\/wp\/v2\/pages"}],"about":[{"href":"https:\/\/lalicup.com\/hr\/wp-json\/wp\/v2\/types\/page"}],"author":[{"embeddable":true,"href":"https:\/\/lalicup.com\/hr\/wp-json\/wp\/v2\/users\/1"}],"replies":[{"embeddable":true,"href":"https:\/\/lalicup.com\/hr\/wp-json\/wp\/v2\/comments?post=10574"}],"version-history":[{"count":0,"href":"https:\/\/lalicup.com\/hr\/wp-json\/wp\/v2\/pages\/10574\/revisions"}],"wp:attachment":[{"href":"https:\/\/lalicup.com\/hr\/wp-json\/wp\/v2\/media?parent=10574"}],"curies":[{"name":"wp","href":"https:\/\/api.w.org\/{rel}","templated":true}]}}