{"id":10593,"date":"2024-05-20T10:05:35","date_gmt":"2024-05-20T10:05:35","guid":{"rendered":"https:\/\/lalicup.com\/?page_id=10593"},"modified":"2024-05-22T07:11:40","modified_gmt":"2024-05-22T07:11:40","slug":"contact-with-lalicup","status":"publish","type":"page","link":"https:\/\/lalicup.com\/hr\/contact-with-lalicup\/","title":{"rendered":"Contact"},"content":{"rendered":"<section class=\"bde-section-10593-116 bde-section\">\n  \n\t\n\n\n\n<div class=\"section-container\"><\/div>\n<\/section><section class=\"bde-section-10593-110 bde-section\">\n  \n\t\n\n\n\n<div class=\"section-container\"><h1 class=\"bde-heading-10593-101 bde-heading\">\nKontaktirajte LaliCup\n<\/h1><\/div>\n<\/section><section class=\"bde-section-10593-100 bde-section\">\n  \n\t\n\n\n\n<div class=\"section-container\"><div class=\"bde-columns-10593-102 bde-columns\"><div class=\"bde-column-10593-103 bde-column\">\n  \n\t\n\n\n\n<div class=\"bde-form-builder-10593-104 bde-form-builder\">\n\n\n<form id=\"kontaktni-obrazec104\" class=\"breakdance-form breakdance-form--vertical\" data-options=\"{&quot;slug&quot;:&quot;custom&quot;,&quot;name&quot;:&quot;Kontaktni obrazec&quot;,&quot;ajaxUrl&quot;:&quot;https:\\\/\\\/lalicup.com\\\/wp-admin\\\/admin-ajax.php&quot;,&quot;clearOnSuccess&quot;:true,&quot;hideOnSuccess&quot;:false,&quot;successMessage&quot;:&quot;Your message has been successfully sent!&quot;,&quot;errorMessage&quot;:&quot;Something went wrong&quot;,&quot;redirect&quot;:false,&quot;redirectUrl&quot;:&quot;&quot;,&quot;customJavaScript&quot;:&quot;&quot;,&quot;recaptcha&quot;:{&quot;key&quot;:&quot;&quot;,&quot;enabled&quot;:false},&quot;honeypot_enabled&quot;:false,&quot;popupsOnSuccess&quot;:[],&quot;popupsOnError&quot;:[]}\" data-steps=\"0\" action=\"\" >\n  \n  \n  \n<div class=\"breakdance-form-field breakdance-form-field--text\" >\n    \n    \n            <label class=\"breakdance-form-field__label\" for=\"name\">\n            Va\u0161e ime (obavezno)<span class=\"breakdance-form-field__required\">*<\/span>\n        <\/label>\n    \n    <input\n    class=\"breakdance-form-field__input\"\n    id=\"name\"\n    aria-describedby=\"name\"\n    type=\"text\"\n    name=\"fields[name]\"\n    placeholder=\"\"\n    value=\"\"\n                \n        \n        \n    required\n>\n\n\n    \n    \n<\/div>\n\n\n<div class=\"breakdance-form-field breakdance-form-field--email\" >\n    \n    \n            <label class=\"breakdance-form-field__label\" for=\"email\">\n            Va\u0161 email (obavezno)<span class=\"breakdance-form-field__required\">*<\/span>\n        <\/label>\n    \n    <input\n    class=\"breakdance-form-field__input\"\n    id=\"email\"\n    aria-describedby=\"email\"\n    type=\"email\"\n    name=\"fields[email]\"\n    placeholder=\"\"\n    value=\"\"\n                \n        \n        \n    required\n>\n\n\n    \n    \n<\/div>\n\n\n<div class=\"breakdance-form-field breakdance-form-field--text\" >\n    \n    \n            <label class=\"breakdance-form-field__label\" for=\"dqkgqk\">\n            Predmet\n        <\/label>\n    \n    <input\n    class=\"breakdance-form-field__input\"\n    id=\"dqkgqk\"\n    aria-describedby=\"dqkgqk\"\n    type=\"text\"\n    name=\"fields[dqkgqk]\"\n    placeholder=\"\"\n    value=\"\"\n                \n        \n        \n    \n    \n    \n>\n\n\n    \n    \n<\/div>\n\n\n<div class=\"breakdance-form-field breakdance-form-field--checkbox\" >\n    \n    \n    \n    <fieldset role=\"group\"\n    >\n          <div class=\"breakdance-form-checkbox\">\n          <input\n              type=\"checkbox\"\n              name=\"fields[message]\"\n              value=\"I agree to the privacy policy and terms.\"\n              id=\"message-1\"\n              \n                        >\n          <label class=\"breakdance-form-checkbox__text\" for=\"message-1\">Sla\u017eem se s politikom privatnosti i uvjetima.<\/label>\n      <\/div>\n  <\/fieldset>\n\n\n\n    \n    \n<\/div>\n\n\n<div class=\"breakdance-form-field breakdance-form-field--html\" >\n    \n    \n    \n    <div class=\"form-input-html\"\n    >\n  S Va\u0161im osobnim podacima postupamo pa\u017eljivo, sukladno Zakonu o za\u0161titi osobnih podataka (ZVOP-2) i Op\u0107oj uredbi o za\u0161titi podataka (GPDR).\n<\/div>\n\n\n    \n    \n<\/div>\n\n\n  \n\n<div class=\"breakdance-form-field breakdance-form-footer\">\n    \n    \n                                    \n    \n    \n    \n    \n            \n            <button type=\"submit\" class=\"button-atom button-atom--primary breakdance-form-button breakdance-form-button__submit\"  >\n    \n        <span class=\"button-atom__text\">Poslati<\/span>\n\n        \n        \n            <\/button>\n    \n    <input type=\"hidden\" name=\"form_id\" value=\"104\">\n    <input type=\"hidden\" name=\"post_id\" value=\"10593\">\n<\/div>\n\n  \n<input type=\"hidden\" name=\"trp-form-language\" value=\"hr\"\/><\/form>\n\n\n\n<\/div>\n<\/div><div class=\"bde-column-10593-105 bde-column\">\n  \n\t\n\n\n\n<div class=\"bde-image-10593-106 bde-image\">\n  \n\n\n\n\n\n<figure class=\"breakdance-image breakdance-image--19\">\n\t<div class=\"breakdance-image-container\">\n\t\t<div class=\"breakdance-image-clip\">\n\t\t\t\n\t\t\t\t\n\t\t\t\t\t      \n  \n  \n  \n  \n      \n      <img loading=\"lazy\" decoding=\"async\"\n      class=\"breakdance-image-object\"\n      src=\"https:\/\/lalicup.com\/wp-content\/uploads\/2023\/11\/lalicup-logo.png\"\n      width=\"697\"\n      height=\"314\"\n      \n      \n                                    srcset=\"https:\/\/lalicup.com\/wp-content\/uploads\/2023\/11\/lalicup-logo.png 697w, https:\/\/lalicup.com\/wp-content\/uploads\/2023\/11\/lalicup-logo-600x270.png 600w, https:\/\/lalicup.com\/wp-content\/uploads\/2023\/11\/lalicup-logo-300x135.png 300w\"\n                                                                      >\n  \n\n\t\t\t\t\t\n\t\t\t\t\t\t<\/div>\n\t<\/div>\n\n\t<\/figure>\n\n<\/div><div class=\"bde-rich-text-10593-107 bde-rich-text breakdance-rich-text-styles\">\n<p>Bujaka tr\u017eenje d.o.o.<br>Celov\u0161ka cesta 150, Ljubljana<\/p><p>T <a target=\"_self\" href=\"tel:040606522\">040 606 522<\/a><\/p><p>E <a href=\"mailto:info@lalicup.si\">info@lalicup.si<\/a><\/p>\n<\/div><div class=\"bde-google-map-10593-108 bde-google-map\">\n\r\n<iframe width=\"100%\" height=\"100%\" style=\"border:0\" loading=\"lazy\" src=\"https:\/\/maps.google.com\/maps?q=Celov%C5%A1ka+cesta+150&t=m&z=14&output=embed&iwloc=near\" allowfullscreen><\/iframe>\n\n<\/div>\n<\/div><\/div><\/div>\n<\/section>","protected":false},"excerpt":{"rendered":"<p>Contact with LaliCup Your name (required)* Your email (required)* Subject I agree to the privacy policy and terms. We handle your personal data carefully, in accordance with the Personal Data Protection Act (ZVOP-2) and in accordance with the General Data Protection Regulation (GPDR). Send Bujaka tr\u017eenje d.o.o.Celov\u0161ka cesta 150, LjubljanaT 040 606 522E info@lalicup.si<\/p>","protected":false},"author":1,"featured_media":0,"parent":0,"menu_order":0,"comment_status":"closed","ping_status":"closed","template":"","meta":{"_mo_disable_npp":"","om_disable_all_campaigns":false,"_breakdance_hide_in_design_set":false,"_breakdance_tags":"","footnotes":""},"class_list":["post-10593","page","type-page","status-publish","hentry"],"aioseo_notices":[],"_links":{"self":[{"href":"https:\/\/lalicup.com\/hr\/wp-json\/wp\/v2\/pages\/10593","targetHints":{"allow":["GET"]}}],"collection":[{"href":"https:\/\/lalicup.com\/hr\/wp-json\/wp\/v2\/pages"}],"about":[{"href":"https:\/\/lalicup.com\/hr\/wp-json\/wp\/v2\/types\/page"}],"author":[{"embeddable":true,"href":"https:\/\/lalicup.com\/hr\/wp-json\/wp\/v2\/users\/1"}],"replies":[{"embeddable":true,"href":"https:\/\/lalicup.com\/hr\/wp-json\/wp\/v2\/comments?post=10593"}],"version-history":[{"count":0,"href":"https:\/\/lalicup.com\/hr\/wp-json\/wp\/v2\/pages\/10593\/revisions"}],"wp:attachment":[{"href":"https:\/\/lalicup.com\/hr\/wp-json\/wp\/v2\/media?parent=10593"}],"curies":[{"name":"wp","href":"https:\/\/api.w.org\/{rel}","templated":true}]}}