{"id":10713,"date":"2023-01-21T11:56:50","date_gmt":"2023-01-21T11:56:50","guid":{"rendered":"https:\/\/lalicup.com\/?post_type=product&#038;p=10713"},"modified":"2024-05-22T11:59:29","modified_gmt":"2024-05-22T11:59:29","slug":"14-mini-reusable-pads-interlabial","status":"publish","type":"product","link":"https:\/\/lalicup.com\/hr\/shop\/14-mini-reusable-pads-interlabial\/","title":{"rendered":"14 mini interlabijalnih perivih ulo\u017eaka"},"content":{"rendered":"<p>Set interlabijalnih ulo\u017eaka sadr\u017ei 14 interlabijalnih perivih ulo\u017eaka i vre\u0107icu koja se mo\u017ee koristiti i kao mre\u017easta vre\u0107ica za pranje ili za pohranu.<\/p>\n<p>Za kori\u0161tenje interlabijalnih ulo\u017eaka, presavijte ih uzdu\u017eno i stavite izme\u0111u svojih usnica. Ulo\u017eak \u0107e usmjeriti menstruaciju prema prednjoj i stra\u017enjoj strani ulo\u017eka, sprje\u010davaju\u0107i curenje preko rubova. Tako\u0111er dodaju dodatnu kapacitet, \u0161to zna\u010di da va\u0161a stvarna podloga traje du\u017ee, pa vam treba manje njih, \u0161to vam \u0161tedi novac!<\/p>\n<p>Koristan savjet \u2013 ako je interlabijalni ulo\u017eak umetnut izme\u0111u stra\u017enjice no\u0107u, \u0107e sprije\u010diti curenje krvi prema dolje i curenje s le\u0111a va\u0161eg ulo\u017eka.<\/p>","protected":false},"excerpt":{"rendered":"<p>Set interlabijalnih ulo\u017eaka sadr\u017ei 14 interlabijalnih perivih ulo\u017eaka i vre\u0107icu koja se mo\u017ee koristiti i kao mre\u017easta vre\u0107ica za pranje ili za pohranu.<\/p>\n<p>Kada koristiti:<\/p>\n<p class=\"translation-block\">\u2013 U na\u0161im posljednjim danima ciklusa, mo\u017ee se nositi s vrlo slabom menstruacijom.<br>\n\u2013 Kao rezerva za menstrualnu \u010da\u0161icu ili tampone.<br>\n\u2013 Za regulaciju menstruacije prema sredini ulo\u017eka. (Ovo je korisno za \u017eene koje imaju tendenciju imati vi\u0161e krvarenja naprijed, nazad ili sa strane.)<\/p>","protected":false},"featured_media":10716,"comment_status":"open","ping_status":"closed","template":"","meta":{"_mo_disable_npp":"","om_disable_all_campaigns":false},"product_brand":[],"product_cat":[21],"product_tag":[],"class_list":{"0":"post-10713","1":"product","2":"type-product","3":"status-publish","4":"has-post-thumbnail","6":"product_cat-menstrual-hygiene","8":"first","9":"instock","10":"downloadable","11":"taxable","12":"shipping-taxable","13":"purchasable","14":"product-type-simple"},"aioseo_notices":[],"_links":{"self":[{"href":"https:\/\/lalicup.com\/hr\/wp-json\/wp\/v2\/product\/10713","targetHints":{"allow":["GET"]}}],"collection":[{"href":"https:\/\/lalicup.com\/hr\/wp-json\/wp\/v2\/product"}],"about":[{"href":"https:\/\/lalicup.com\/hr\/wp-json\/wp\/v2\/types\/product"}],"replies":[{"embeddable":true,"href":"https:\/\/lalicup.com\/hr\/wp-json\/wp\/v2\/comments?post=10713"}],"wp:featuredmedia":[{"embeddable":true,"href":"https:\/\/lalicup.com\/hr\/wp-json\/wp\/v2\/media\/10716"}],"wp:attachment":[{"href":"https:\/\/lalicup.com\/hr\/wp-json\/wp\/v2\/media?parent=10713"}],"wp:term":[{"taxonomy":"product_brand","embeddable":true,"href":"https:\/\/lalicup.com\/hr\/wp-json\/wp\/v2\/product_brand?post=10713"},{"taxonomy":"product_cat","embeddable":true,"href":"https:\/\/lalicup.com\/hr\/wp-json\/wp\/v2\/product_cat?post=10713"},{"taxonomy":"product_tag","embeddable":true,"href":"https:\/\/lalicup.com\/hr\/wp-json\/wp\/v2\/product_tag?post=10713"}],"curies":[{"name":"wp","href":"https:\/\/api.w.org\/{rel}","templated":true}]}}