{"id":10791,"date":"2023-01-22T11:45:38","date_gmt":"2023-01-22T11:45:38","guid":{"rendered":"https:\/\/lalicup.com\/?post_type=product&#038;p=10791"},"modified":"2024-08-08T08:24:13","modified_gmt":"2024-08-08T08:24:13","slug":"ovoflora-dietary-supplement","status":"publish","type":"product","link":"https:\/\/lalicup.com\/hr\/shop\/ovoflora-dietary-supplement\/","title":{"rendered":"Ovoflora \u2013 dodatak prehrani"},"content":{"rendered":"<p><strong>Za\u0161to odabrati OvoFloru?<\/strong><\/p>\n<p>\u2013 Proizvedeno u Sloveniji: Razvoj i proizvodnja OvoFlora potpuno se odvijaju u Sloveniji. To osigurava 100% sigurnost i visoku kvalitetu na\u0161ih dodataka prehrani.<\/p>\n<p>\u2013 Sveobuhvatna formula: OvoFlora nudi sveobuhvatnu formulu koja kombinira nekoliko klju\u010dnih sastojaka va\u017enih za hormonalno zdravlje \u017eena. Ova kombinacija sastojaka djeluje sinergijski, \u0161to mo\u017ee pobolj\u0161ati ukupnu u\u010dinkovitost.<\/p>\n<p>\u2013 Visoki standardi kvalitete: OvoFlora zadovoljava visoke standarde kvalitete, osiguravaju\u0107i sigurnost i u\u010dinkovitost za korisnike. To uklju\u010duje pa\u017eljivo odabrane sastojke i doziranja. Proizvod tako\u0111er ima certifikat GMP (Dobra proizvo\u0111a\u010dka praksa), \u0161to ukazuje na 100% sigurnost proizvoda i predstavlja najvi\u0161i standard kvalitete u proizvodnji dodataka prehrani.<\/p>\n<p>\u2013 Znanstveno potvr\u0111eni sastojci: Svi sastojci koji se koriste u OvoFlori poduprti su znanstvenim istra\u017eivanjima. Na\u0161a formula uklju\u010duje sastojke (mio-inozitol, D-kiro-inozitol, folna kiselina, magnezij, cink, koenzim Q10, vitamin B6 i vitamin D3) koji su dobro istra\u017eeni u smislu regulacije hormona, pobolj\u0161anja osjetljivosti na inzulin i smanjenja simptoma PCOS-a.<\/p>\n<p>\u2013 Za\u0161tita od oksidativnog stresa: Koenzim Q10 i vitamin D3 su antioksidansi koji mogu pomo\u0107i u za\u0161titi stanica od \u0161tetnih slobodnih radikala. To mo\u017ee doprinijeti boljem op\u0107em zdravlju i blagostanju.<\/p>\n<p>\u2013 Prakti\u010dna upotreba: Proizvod je dostupan u obliku praha, koji se lako mo\u017ee uklju\u010diti u va\u0161u svakodnevnu prehranu mije\u0161anjem s vodom, na primjer. U pakiranju je tako\u0111er uklju\u010dena \u017elica, \u0161to \u010dini doziranje vrlo jednostavnim.<\/p>","protected":false},"excerpt":{"rendered":"<p>Ovoflora je dizajniran za podr\u0161ku \u017eenama koje se suo\u010davaju s razli\u010ditim hormonalnim i reproduktivnim zdravstvenim izazovima. Ovaj jedinstveni proizvod mo\u017ee biti koristan za one koje imaju:<\/p>\n<p>\u2013 Neredovite ili izostale menstrualne cikluse<\/p>\n<p>\u2013 Sindrom policisti\u010dnih jajnika (PCOS)<\/p>\n<p>\u2013 Umor i op\u0107e zdravstvene probleme<\/p>\n<p>\u2013 Problemi sa ko\u017eom, poput akni<\/p>\n<p>\u2013 Upravljanje razinama energije i metaboli\u010dkom ravnote\u017eom<\/p>\n<p>\u2013 Zdravlje povezano s trudno\u0107om<\/p>\n<p>\u2013 Izazovi u vezi s za\u010de\u0107em<\/p>\n<p>Ovoflora mo\u017ee biti korisna dodatak va\u0161oj wellness rutini dok se fokusirate na svoju individualnu zdravstvenu putovanje.<\/p>","protected":false},"featured_media":10792,"comment_status":"open","ping_status":"closed","template":"","meta":{"_mo_disable_npp":"","om_disable_all_campaigns":false},"product_brand":[],"product_cat":[403],"product_tag":[],"class_list":{"0":"post-10791","1":"product","2":"type-product","3":"status-publish","4":"has-post-thumbnail","6":"product_cat-supplements","8":"first","9":"instock","10":"downloadable","11":"taxable","12":"shipping-taxable","13":"purchasable","14":"product-type-simple"},"aioseo_notices":[],"_links":{"self":[{"href":"https:\/\/lalicup.com\/hr\/wp-json\/wp\/v2\/product\/10791","targetHints":{"allow":["GET"]}}],"collection":[{"href":"https:\/\/lalicup.com\/hr\/wp-json\/wp\/v2\/product"}],"about":[{"href":"https:\/\/lalicup.com\/hr\/wp-json\/wp\/v2\/types\/product"}],"replies":[{"embeddable":true,"href":"https:\/\/lalicup.com\/hr\/wp-json\/wp\/v2\/comments?post=10791"}],"wp:featuredmedia":[{"embeddable":true,"href":"https:\/\/lalicup.com\/hr\/wp-json\/wp\/v2\/media\/10792"}],"wp:attachment":[{"href":"https:\/\/lalicup.com\/hr\/wp-json\/wp\/v2\/media?parent=10791"}],"wp:term":[{"taxonomy":"product_brand","embeddable":true,"href":"https:\/\/lalicup.com\/hr\/wp-json\/wp\/v2\/product_brand?post=10791"},{"taxonomy":"product_cat","embeddable":true,"href":"https:\/\/lalicup.com\/hr\/wp-json\/wp\/v2\/product_cat?post=10791"},{"taxonomy":"product_tag","embeddable":true,"href":"https:\/\/lalicup.com\/hr\/wp-json\/wp\/v2\/product_tag?post=10791"}],"curies":[{"name":"wp","href":"https:\/\/api.w.org\/{rel}","templated":true}]}}