{"id":11529,"date":"2024-04-07T09:53:59","date_gmt":"2024-04-07T09:53:59","guid":{"rendered":"https:\/\/lalicup.com\/?post_type=product&#038;p=11529"},"modified":"2025-04-10T11:22:39","modified_gmt":"2025-04-10T11:22:39","slug":"vulvani-earings","status":"publish","type":"product","link":"https:\/\/lalicup.com\/hr\/shop\/vulvani-earings\/","title":{"rendered":"Nau\u0161nice Vulvani"},"content":{"rendered":"<p>Pa\u017eljivo pogledaj ove unikatne, ru\u010dno izra\u0111ene nau\u0161nice \u2013 primje\u0107uje\u0161 li \u0161to predstavljaju? Osmislili smo ih kao diskretan simbol \u017eenstvenosti, koji isti\u010de unutarnju i vanjsku ljepotu. Njihov suptilan oblik razbija tabue, povezuje s \u017eenskom esencijom i slavi bezgrani\u010dnu ljepotu i raznolikost u svima nama. Nosi ih kao podsjetnik na snagu, eleganciju i smisao na svakom koraku.<\/p>","protected":false},"excerpt":{"rendered":"<p>Pa\u017eljivo pogledaj ove unikatne, ru\u010dno izra\u0111ene nau\u0161nice \u2013 primje\u0107uje\u0161 li \u0161to predstavljaju? Osmislili smo ih kao diskretan simbol \u017eenstvenosti, koji isti\u010de unutarnju i vanjsku ljepotu. Njihov suptilan oblik razbija tabue, povezuje s \u017eenskom esencijom i slavi bezgrani\u010dnu ljepotu i raznolikost u svima nama. Nosi ih kao podsjetnik na snagu, eleganciju i smisao na svakom koraku. <\/p>","protected":false},"featured_media":11531,"comment_status":"open","ping_status":"closed","template":"","meta":{"_mo_disable_npp":"","om_disable_all_campaigns":false},"product_brand":[],"product_cat":[423],"product_tag":[424,426,425],"class_list":{"0":"post-11529","1":"product","2":"type-product","3":"status-publish","4":"has-post-thumbnail","6":"product_cat-jewelry","7":"product_tag-earings","8":"product_tag-jewelry","9":"product_tag-vuvany","11":"first","12":"instock","13":"taxable","14":"shipping-taxable","15":"purchasable","16":"product-type-simple"},"aioseo_notices":[],"_links":{"self":[{"href":"https:\/\/lalicup.com\/hr\/wp-json\/wp\/v2\/product\/11529","targetHints":{"allow":["GET"]}}],"collection":[{"href":"https:\/\/lalicup.com\/hr\/wp-json\/wp\/v2\/product"}],"about":[{"href":"https:\/\/lalicup.com\/hr\/wp-json\/wp\/v2\/types\/product"}],"replies":[{"embeddable":true,"href":"https:\/\/lalicup.com\/hr\/wp-json\/wp\/v2\/comments?post=11529"}],"wp:featuredmedia":[{"embeddable":true,"href":"https:\/\/lalicup.com\/hr\/wp-json\/wp\/v2\/media\/11531"}],"wp:attachment":[{"href":"https:\/\/lalicup.com\/hr\/wp-json\/wp\/v2\/media?parent=11529"}],"wp:term":[{"taxonomy":"product_brand","embeddable":true,"href":"https:\/\/lalicup.com\/hr\/wp-json\/wp\/v2\/product_brand?post=11529"},{"taxonomy":"product_cat","embeddable":true,"href":"https:\/\/lalicup.com\/hr\/wp-json\/wp\/v2\/product_cat?post=11529"},{"taxonomy":"product_tag","embeddable":true,"href":"https:\/\/lalicup.com\/hr\/wp-json\/wp\/v2\/product_tag?post=11529"}],"curies":[{"name":"wp","href":"https:\/\/api.w.org\/{rel}","templated":true}]}}