{"id":11556,"date":"2024-04-10T09:03:15","date_gmt":"2024-04-10T09:03:15","guid":{"rendered":"https:\/\/lalicup.com\/?post_type=product&#038;p=11556"},"modified":"2025-06-12T11:03:02","modified_gmt":"2025-06-12T11:03:02","slug":"colagen-boost","status":"publish","type":"product","link":"https:\/\/lalicup.com\/hr\/shop\/colagen-boost\/","title":{"rendered":"Collagen Boost \u2013 Prirodno obnovite svoju ko\u017eu i kosu"},"content":{"rendered":"<p>\u2714 Nahranite svoju ko\u017eu dubinski esencijalnim mikronutrijentima koji poti\u010du zdraviju ko\u017eu i ja\u010du kosu,<br \/>\n\u2714 Potaknite proizvodnju kolagena i elastina \u2013 klju\u010dnih proteina koji ko\u017ei daje \u010dvrstinu, elasti\u010dnost i mladolik sjaj,<br \/>\n\u2714 Za\u0161titite ko\u017eu i kosu od \u0161tetnih u\u010dinaka UV zraka, zaga\u0111enja i pu\u0161enja.<\/p>\n<p>Va\u0161a ko\u017ea je najve\u0107i i najljep\u0161i organ va\u0161eg tijela \u2013 odraz va\u0161e vitalnosti, energije i zdravlja. Kako biste je odr\u017eali u najboljoj formi, potrebno je vi\u0161e od povr\u0161inske njege \u2013 potrebna joj je prehrana iznutra. Belidor\u00ae Collagen Boost ide korak dalje od krema, jer tijelu dostavlja esencijalne hranjive tvari izravno putem krvotoka.<\/p>\n<p>Oboga\u0107en sna\u017enom kombinacijom ekstrakta bijele jele i prirodnih vitamina (B2, B3, B5, A i C), ovaj dodatak prehrani \u0161titi ko\u017eu od oksidativnog stresa te poti\u010de proizvodnju kolagena za zdrav, blistav ten. Biotin i cink u formuli dodatno poma\u017eu u o\u010duvanju zdrave i sjajne kose. Nahranite svoju ko\u017eu i kosu iznutra \u2013 i promatrajte kako blistaju izvana!<\/p>","protected":false},"excerpt":{"rendered":"<p>\u2714 Nahranite svoju ko\u017eu dubinski esencijalnim mikronutrijentima koji poti\u010du zdraviju ko\u017eu i ja\u010du kosu,<br \/>\n\u2714 Potaknite proizvodnju kolagena i elastina \u2013 klju\u010dnih proteina koji ko\u017ei daje \u010dvrstinu, elasti\u010dnost i mladolik sjaj,<br \/>\n\u2714 Za\u0161titite ko\u017eu i kosu od \u0161tetnih u\u010dinaka UV zraka, zaga\u0111enja i pu\u0161enja.<\/p>\n<p>Va\u0161a ko\u017ea je najve\u0107i i najljep\u0161i organ va\u0161eg tijela \u2013 odraz va\u0161e vitalnosti, energije i zdravlja. Kako biste je odr\u017eali u najboljoj formi, potrebno je vi\u0161e od povr\u0161inske njege \u2013 potrebna joj je prehrana iznutra. Belidor\u00ae Collagen Boost ide korak dalje od krema, jer tijelu dostavlja esencijalne hranjive tvari izravno putem krvotoka.<\/p>\n<p>Oboga\u0107en sna\u017enom kombinacijom ekstrakta bijele jele i prirodnih vitamina (B2, B3, B5, A i C), ovaj dodatak prehrani \u0161titi ko\u017eu od oksidativnog stresa te poti\u010de proizvodnju kolagena za zdrav, blistav ten. Biotin i cink u formuli dodatno poma\u017eu u o\u010duvanju zdrave i sjajne kose. Nahranite svoju ko\u017eu i kosu iznutra \u2013 i promatrajte kako blistaju izvana!<\/p>","protected":false},"featured_media":11652,"comment_status":"open","ping_status":"closed","template":"","meta":{"_mo_disable_npp":"","om_disable_all_campaigns":false},"product_brand":[],"product_cat":[403],"product_tag":[],"class_list":{"0":"post-11556","1":"product","2":"type-product","3":"status-publish","4":"has-post-thumbnail","6":"product_cat-supplements","8":"first","9":"instock","10":"taxable","11":"shipping-taxable","12":"purchasable","13":"product-type-simple"},"aioseo_notices":[],"_links":{"self":[{"href":"https:\/\/lalicup.com\/hr\/wp-json\/wp\/v2\/product\/11556","targetHints":{"allow":["GET"]}}],"collection":[{"href":"https:\/\/lalicup.com\/hr\/wp-json\/wp\/v2\/product"}],"about":[{"href":"https:\/\/lalicup.com\/hr\/wp-json\/wp\/v2\/types\/product"}],"replies":[{"embeddable":true,"href":"https:\/\/lalicup.com\/hr\/wp-json\/wp\/v2\/comments?post=11556"}],"wp:featuredmedia":[{"embeddable":true,"href":"https:\/\/lalicup.com\/hr\/wp-json\/wp\/v2\/media\/11652"}],"wp:attachment":[{"href":"https:\/\/lalicup.com\/hr\/wp-json\/wp\/v2\/media?parent=11556"}],"wp:term":[{"taxonomy":"product_brand","embeddable":true,"href":"https:\/\/lalicup.com\/hr\/wp-json\/wp\/v2\/product_brand?post=11556"},{"taxonomy":"product_cat","embeddable":true,"href":"https:\/\/lalicup.com\/hr\/wp-json\/wp\/v2\/product_cat?post=11556"},{"taxonomy":"product_tag","embeddable":true,"href":"https:\/\/lalicup.com\/hr\/wp-json\/wp\/v2\/product_tag?post=11556"}],"curies":[{"name":"wp","href":"https:\/\/api.w.org\/{rel}","templated":true}]}}