{"id":11560,"date":"2024-04-10T09:10:20","date_gmt":"2024-04-10T09:10:20","guid":{"rendered":"https:\/\/lalicup.com\/?post_type=product&#038;p=11560"},"modified":"2025-06-12T10:51:17","modified_gmt":"2025-06-12T10:51:17","slug":"immuno-best-supercharge-your-immune-system","status":"publish","type":"product","link":"https:\/\/lalicup.com\/hr\/shop\/immuno-best-supercharge-your-immune-system\/","title":{"rendered":"Immuno Best \u2013 Poja\u010dajte svoj imunolo\u0161ki sustav"},"content":{"rendered":"<p>\u2714 Oja\u010dajte svoj imunolo\u0161ki sustav sna\u017enom kombinacijom prirodnih sastojaka,<br \/>\n\u2714 Savr\u0161eno za prve znakove prehlade ili gripe \u2013 da ostanete sna\u017eni i zdravi.<\/p>\n<p>Belidor\u00ae Immuno Best nudi mo\u0107nu mje\u0161avinu sastojaka, uklju\u010duju\u0107i na\u0161 ekskluzivni ekstrakt grana bijele jele (Belidor\u00ae), ehinaceju, \u0161ipak i esencijalne vitamine B6, D3, E, kao i minerale cink i selen. Ova kombinacija osmi\u0161ljena je za sna\u017eno ja\u010danje va\u0161eg imunolo\u0161kog sustava i prirodnu obranu od bolesti.<\/p>\n<p>Uz vitamine C, B6, D3 i E, koji igraju klju\u010dnu ulogu u funkciji imuniteta i za\u0161titi stanica, ovaj dodatak prehrani podr\u017eava obrambene mehanizme va\u0161eg tijela i doprinosi op\u0107em blagostanju. Belidor\u00ae Immuno Best nije samo pomo\u0107 kod prehlade \u2013 on svakodnevno ja\u010da va\u0161 imunitet kako biste se osje\u0107ali najbolje, bez obzira na godi\u0161nje doba.<\/p>","protected":false},"excerpt":{"rendered":"<p>\u2714 Oja\u010dajte svoj imunolo\u0161ki sustav sna\u017enom kombinacijom prirodnih sastojaka,<br \/>\n\u2714 Savr\u0161eno za prve znakove prehlade ili gripe \u2013 da ostanete sna\u017eni i zdravi.<\/p>\n<p>Belidor\u00ae Immuno Best nudi mo\u0107nu mje\u0161avinu sastojaka, uklju\u010duju\u0107i na\u0161 ekskluzivni ekstrakt grana bijele jele (Belidor\u00ae), ehinaceju, \u0161ipak i esencijalne vitamine B6, D3, E, kao i minerale cink i selen. Ova kombinacija osmi\u0161ljena je za sna\u017eno ja\u010danje va\u0161eg imunolo\u0161kog sustava i prirodnu obranu od bolesti.<\/p>\n<p>Uz vitamine C, B6, D3 i E, koji igraju klju\u010dnu ulogu u funkciji imuniteta i za\u0161titi stanica, ovaj dodatak prehrani podr\u017eava obrambene mehanizme va\u0161eg tijela i doprinosi op\u0107em blagostanju. Belidor\u00ae Immuno Best nije samo pomo\u0107 kod prehlade \u2013 on svakodnevno ja\u010da va\u0161 imunitet kako biste se osje\u0107ali najbolje, bez obzira na godi\u0161nje doba.<\/p>","protected":false},"featured_media":11653,"comment_status":"open","ping_status":"closed","template":"","meta":{"_mo_disable_npp":"","om_disable_all_campaigns":false},"product_brand":[],"product_cat":[403],"product_tag":[],"class_list":{"0":"post-11560","1":"product","2":"type-product","3":"status-publish","4":"has-post-thumbnail","6":"product_cat-supplements","8":"first","9":"instock","10":"taxable","11":"shipping-taxable","12":"purchasable","13":"product-type-simple"},"aioseo_notices":[],"_links":{"self":[{"href":"https:\/\/lalicup.com\/hr\/wp-json\/wp\/v2\/product\/11560","targetHints":{"allow":["GET"]}}],"collection":[{"href":"https:\/\/lalicup.com\/hr\/wp-json\/wp\/v2\/product"}],"about":[{"href":"https:\/\/lalicup.com\/hr\/wp-json\/wp\/v2\/types\/product"}],"replies":[{"embeddable":true,"href":"https:\/\/lalicup.com\/hr\/wp-json\/wp\/v2\/comments?post=11560"}],"wp:featuredmedia":[{"embeddable":true,"href":"https:\/\/lalicup.com\/hr\/wp-json\/wp\/v2\/media\/11653"}],"wp:attachment":[{"href":"https:\/\/lalicup.com\/hr\/wp-json\/wp\/v2\/media?parent=11560"}],"wp:term":[{"taxonomy":"product_brand","embeddable":true,"href":"https:\/\/lalicup.com\/hr\/wp-json\/wp\/v2\/product_brand?post=11560"},{"taxonomy":"product_cat","embeddable":true,"href":"https:\/\/lalicup.com\/hr\/wp-json\/wp\/v2\/product_cat?post=11560"},{"taxonomy":"product_tag","embeddable":true,"href":"https:\/\/lalicup.com\/hr\/wp-json\/wp\/v2\/product_tag?post=11560"}],"curies":[{"name":"wp","href":"https:\/\/api.w.org\/{rel}","templated":true}]}}