{"id":11561,"date":"2024-09-10T09:12:28","date_gmt":"2024-09-10T09:12:28","guid":{"rendered":"https:\/\/lalicup.com\/?post_type=product&#038;p=11561"},"modified":"2025-06-12T10:44:01","modified_gmt":"2025-06-12T10:44:01","slug":"stress-minus-say-goodbye-to-fatigue-and-stress","status":"publish","type":"product","link":"https:\/\/lalicup.com\/hr\/shop\/stress-minus-say-goodbye-to-fatigue-and-stress\/","title":{"rendered":"Stress Minus \u2013 Zbogom umoru i stresu"},"content":{"rendered":"<p>\u2714 Suo\u010dite se sa stresom i ponovno napunite energiju,<br \/>\n\u2714 Pobijedite umor i osje\u0107ajte se svje\u017ee i spremno za novi dan,<br \/>\n\u2714 Podr\u017eite oporavak \u2013 bilo da se nosite sa svakodnevnim stresom ili nakon intenzivnog treninga.<\/p>\n<p>Stres, umor i iscrpljenost lako mogu preuzeti kontrolu \u2013 ali ne kada je uz vas Belidor\u00ae Stress Minus. Ova sna\u017ena formula sadr\u017ei polifenole iz ekstrakta bijelog bora i prirodni vitamin C iz divlje tre\u0161nje (acerole) \u2013 sastojke koji dokazano poma\u017eu va\u0161em tijelu u borbi protiv stresa i umora na prirodan na\u010din.<\/p>\n<p>Bez obzira suo\u010davate li se s izazovima svakodnevnog \u017eivota ili vam je potreban poticaj za oporavak nakon vje\u017ebanja, Belidor\u00ae Stress Minus je va\u0161e idealno rje\u0161enje. Smanjuje osje\u0107aj umora, ja\u010da va\u0161 imunitet i \u0161titi stanice od oksidativnog stresa. Zamislite da se budite odmorni, puni energije i spremni na sve izazove dana. To je snaga Belidora\u00ae Stress Minus. Preuzmite kontrolu nad svojom energijom i stresom \u2013 i osje\u0107ajte se najbolje, svaki dan.<\/p>","protected":false},"excerpt":{"rendered":"<p>\u2714 Suo\u010dite se sa stresom i ponovno napunite energiju,<br \/>\n\u2714 Pobijedite umor i osje\u0107ajte se svje\u017ee i spremno za novi dan,<br \/>\n\u2714 Podr\u017eite oporavak \u2013 bilo da se nosite sa svakodnevnim stresom ili nakon intenzivnog treninga.<\/p>\n<p>Stres, umor i iscrpljenost lako mogu preuzeti kontrolu \u2013 ali ne kada je uz vas Belidor\u00ae Stress Minus. Ova sna\u017ena formula sadr\u017ei polifenole iz ekstrakta bijelog bora i prirodni vitamin C iz divlje tre\u0161nje (acerole) \u2013 sastojke koji dokazano poma\u017eu va\u0161em tijelu u borbi protiv stresa i umora na prirodan na\u010din.<\/p>\n<p>Bez obzira suo\u010davate li se s izazovima svakodnevnog \u017eivota ili vam je potreban poticaj za oporavak nakon vje\u017ebanja, Belidor\u00ae Stress Minus je va\u0161e idealno rje\u0161enje. Smanjuje osje\u0107aj umora, ja\u010da va\u0161 imunitet i \u0161titi stanice od oksidativnog stresa. Zamislite da se budite odmorni, puni energije i spremni na sve izazove dana. To je snaga Belidora\u00ae Stress Minus. Preuzmite kontrolu nad svojom energijom i stresom \u2013 i osje\u0107ajte se najbolje, svaki dan.<\/p>","protected":false},"featured_media":11651,"comment_status":"open","ping_status":"closed","template":"","meta":{"_mo_disable_npp":"","om_disable_all_campaigns":false},"product_brand":[],"product_cat":[403],"product_tag":[431],"class_list":{"0":"post-11561","1":"product","2":"type-product","3":"status-publish","4":"has-post-thumbnail","6":"product_cat-supplements","7":"product_tag-belidor","9":"first","10":"instock","11":"taxable","12":"shipping-taxable","13":"purchasable","14":"product-type-simple"},"aioseo_notices":[],"_links":{"self":[{"href":"https:\/\/lalicup.com\/hr\/wp-json\/wp\/v2\/product\/11561","targetHints":{"allow":["GET"]}}],"collection":[{"href":"https:\/\/lalicup.com\/hr\/wp-json\/wp\/v2\/product"}],"about":[{"href":"https:\/\/lalicup.com\/hr\/wp-json\/wp\/v2\/types\/product"}],"replies":[{"embeddable":true,"href":"https:\/\/lalicup.com\/hr\/wp-json\/wp\/v2\/comments?post=11561"}],"wp:featuredmedia":[{"embeddable":true,"href":"https:\/\/lalicup.com\/hr\/wp-json\/wp\/v2\/media\/11651"}],"wp:attachment":[{"href":"https:\/\/lalicup.com\/hr\/wp-json\/wp\/v2\/media?parent=11561"}],"wp:term":[{"taxonomy":"product_brand","embeddable":true,"href":"https:\/\/lalicup.com\/hr\/wp-json\/wp\/v2\/product_brand?post=11561"},{"taxonomy":"product_cat","embeddable":true,"href":"https:\/\/lalicup.com\/hr\/wp-json\/wp\/v2\/product_cat?post=11561"},{"taxonomy":"product_tag","embeddable":true,"href":"https:\/\/lalicup.com\/hr\/wp-json\/wp\/v2\/product_tag?post=11561"}],"curies":[{"name":"wp","href":"https:\/\/api.w.org\/{rel}","templated":true}]}}