{"id":520,"date":"2025-04-12T00:00:00","date_gmt":"2025-04-12T00:00:00","guid":{"rendered":"http:\/\/lalicup.com\/product\/lalicup-model-l-2\/"},"modified":"2025-09-04T16:29:19","modified_gmt":"2025-09-04T16:29:19","slug":"lalicup-clear-menstrual-cup","status":"publish","type":"product","link":"https:\/\/lalicup.com\/hr\/shop\/lalicup-clear-menstrual-cup\/","title":{"rendered":"LaliCup"},"content":{"rendered":"<p>LaliCup menstrualna \u010da\u0161ica izra\u0111ena je od medicinskog silikona visoke kvalitete koji ne iritira niti isu\u0161uje vaginalnu sluznicu te je pogodna za osjetljivu ko\u017eu sklonoj gljivi\u010dnim infekcijama ili alergijama. Zamislite koliko ste ve\u0107 novca potro\u0161ili na jednokratne tampone i ulo\u0161ke! LaliCup mo\u017ee se koristiti tijekom vi\u0161e godina i fantasti\u010dna je ekolo\u0161ka alternativa tradicionalnim proizvodima za menstrualni period. Mo\u017eete je nositi bez obzira na to \u0161to radite \u2013 od spavanja do plivanja. Zahvaljuju\u0107i svojem visokom kapacitetu, ne morate tra\u017eiti wc gdje god da idete jer pru\u017ea za\u0161titu tijekom vi\u0161e sati, tako da mo\u017eete u\u017eivati u trenutku bez brige o mrljama na hla\u010dama.<\/p>","protected":false},"excerpt":{"rendered":"<p>Paket se sastoji od dvije LaliCup, uputa za upotrebu i jedne simpati\u010dne torbice za \u010duvanje menstrualne \u010da\u0161ice.<\/p>\n<p>Na\u0161e po\u0161iljke su diskretne.<\/p>","protected":false},"featured_media":10727,"comment_status":"closed","ping_status":"closed","template":"","meta":{"_mo_disable_npp":"","om_disable_all_campaigns":false},"product_brand":[],"product_cat":[32,21],"product_tag":[154,152,151,44,38,215,206,122,209,208,207,210,153,124],"class_list":{"0":"post-520","1":"product","2":"type-product","3":"status-publish","4":"has-post-thumbnail","6":"product_cat-menstrual-cup","7":"product_cat-menstrual-hygiene","8":"product_tag-best-menstrual-cup","9":"product_tag-clear-lalicup","10":"product_tag-lalicup","11":"product_tag-lalicup-model-l","12":"product_tag-lalicup-model-m","13":"product_tag-lalicup-model-s","14":"product_tag-lalicup-model-xl","15":"product_tag-menstrual-cup","16":"product_tag-menstrual-cup-l","17":"product_tag-menstrual-cup-m","18":"product_tag-menstrual-cup-s","19":"product_tag-menstrual-cup-xl","20":"product_tag-menstrual-health","21":"product_tag-period-cup","22":"pa_model-model-l-41-3-ml","23":"pa_model-model-m-36-5-ml","24":"pa_model-model-s-27-4-ml","25":"pa_model-model-xl-511ml","27":"first","28":"instock","29":"taxable","30":"shipping-taxable","31":"purchasable","32":"product-type-variable"},"aioseo_notices":[],"_links":{"self":[{"href":"https:\/\/lalicup.com\/hr\/wp-json\/wp\/v2\/product\/520","targetHints":{"allow":["GET"]}}],"collection":[{"href":"https:\/\/lalicup.com\/hr\/wp-json\/wp\/v2\/product"}],"about":[{"href":"https:\/\/lalicup.com\/hr\/wp-json\/wp\/v2\/types\/product"}],"replies":[{"embeddable":true,"href":"https:\/\/lalicup.com\/hr\/wp-json\/wp\/v2\/comments?post=520"}],"wp:featuredmedia":[{"embeddable":true,"href":"https:\/\/lalicup.com\/hr\/wp-json\/wp\/v2\/media\/10727"}],"wp:attachment":[{"href":"https:\/\/lalicup.com\/hr\/wp-json\/wp\/v2\/media?parent=520"}],"wp:term":[{"taxonomy":"product_brand","embeddable":true,"href":"https:\/\/lalicup.com\/hr\/wp-json\/wp\/v2\/product_brand?post=520"},{"taxonomy":"product_cat","embeddable":true,"href":"https:\/\/lalicup.com\/hr\/wp-json\/wp\/v2\/product_cat?post=520"},{"taxonomy":"product_tag","embeddable":true,"href":"https:\/\/lalicup.com\/hr\/wp-json\/wp\/v2\/product_tag?post=520"}],"curies":[{"name":"wp","href":"https:\/\/api.w.org\/{rel}","templated":true}]}}