{"id":522,"date":"2016-04-15T00:00:00","date_gmt":"2016-04-15T00:00:00","guid":{"rendered":"http:\/\/lalicup.com\/product\/bioglide-lubrikant-plus-na-vodni-osnovi\/"},"modified":"2025-06-30T15:39:13","modified_gmt":"2025-06-30T15:39:13","slug":"bioglide-lubrikant-plus-ginseng","status":"publish","type":"product","link":"https:\/\/lalicup.com\/hr\/shop\/bioglide-lubrikant-plus-ginseng\/","title":{"rendered":"BIOglide lubrikant \u201cplus\u201d ginseng"},"content":{"rendered":"<h2>AMERI\u010cKI BIOGLIDE PLUS (GINSENG)<\/h2>\n<h4>INFORMACIJE<\/h4>\n<p>BIOglide s osvje\u017eavaju\u0107im, svje\u017eim ginsengom. Sorta ginsenga kombinira dugotrajno podmazivanje s certificiranim prirodnim sastojcima. Potpuno je oslobo\u0111en sinteti\u010dkih mirisa, bojila i konzervansa, te \u0107ete u\u017eivati \u200b\u200bu kori\u0161tenju BIOglidea.<\/p>\n<h4>KVALITETA<\/h4>\n<ul>\n<li>Prirodni sastojci, prirodno zadovoljstvo: 100% prirodno + vegansko podmazivanje<\/li>\n<li>Bez sinteti\u010dkih mirisa, bojila i konzervansa<\/li>\n<li>Certificirano kao prirodno: Standard za prirodne proizvode odobren od strane BDiH<\/li>\n<li>Dermatolo\u0161ki i klini\u010dki testirano<\/li>\n<li>Proizvod s neutralnim uglji\u010dnim otiskom<\/li>\n<li>Medicinski proizvod klase I<\/li>\n<li>Bez testiranja na \u017eivotinjama<\/li>\n<li>Optimiziran za pH<\/li>\n<li>Rastvorljiv u vodi i bez masno\u0107a<\/li>\n<li>Proizvedeno u Njema\u010dkoj<\/li>\n<\/ul>\n<h4>SASTOJCI<\/h4>\n<p>Glicerol, Aqua, Natrijev laktat, Ksantan guma, Levulinska kiselina, Natrijev levulinat, Ekstrakt korijena ginsenga Panax<\/p>","protected":false},"excerpt":{"rendered":"<p><strong>BIOglide: Originalni ameri\u010dki BIOglide \"plus\" Ginseng \u2013 100 ml<\/strong><\/p>\n<div id=\"c583\" class=\"csc-default\">\n<table class=\"contenttable contenttable-0\">\n<tbody>\n<tr class=\"tr-even tr-0\">\n<td class=\"td-0\">\u2022 visoko u\u010dinkovit, s malom koli\u010dinom mo\u017eete puno posti\u0107i<\/td>\n<\/tr>\n<tr class=\"tr-odd tr-1\">\n<td class=\"td-0\">\u2022 pogodan za upotrebu s kondomima<\/td>\n<\/tr>\n<tr class=\"tr-even tr-2\">\n<td class=\"td-0\">\u2022 tako\u0111er pogodan za oralni seks<\/td>\n<\/tr>\n<tr class=\"tr-odd tr-3\">\n<td class=\"td-0\">\u2022 podr\u017eava kori\u0161tenje igra\u010daka<\/td>\n<\/tr>\n<tr class=\"tr-even tr-last\">\n<td class=\"td-0\">\n<p class=\"bodytext\">\u2022 100% prirodan i veganski BIOglide<\/p>\n<\/td>\n<\/tr>\n<\/tbody>\n<\/table>\n<\/div>\n<p>&nbsp;<\/p>\n<p>&nbsp;<\/p>","protected":false},"featured_media":929,"comment_status":"closed","ping_status":"closed","template":"","meta":{"_mo_disable_npp":"","om_disable_all_campaigns":false},"product_brand":[],"product_cat":[21],"product_tag":[412,411,150],"class_list":{"0":"post-522","1":"product","2":"type-product","3":"status-publish","4":"has-post-thumbnail","6":"product_cat-menstrual-hygiene","7":"product_tag-bioglide","8":"product_tag-lube","9":"product_tag-lubricant","10":"pa_brand-joydivision","12":"first","13":"instock","14":"taxable","15":"shipping-taxable","16":"purchasable","17":"product-type-simple"},"aioseo_notices":[],"_links":{"self":[{"href":"https:\/\/lalicup.com\/hr\/wp-json\/wp\/v2\/product\/522","targetHints":{"allow":["GET"]}}],"collection":[{"href":"https:\/\/lalicup.com\/hr\/wp-json\/wp\/v2\/product"}],"about":[{"href":"https:\/\/lalicup.com\/hr\/wp-json\/wp\/v2\/types\/product"}],"replies":[{"embeddable":true,"href":"https:\/\/lalicup.com\/hr\/wp-json\/wp\/v2\/comments?post=522"}],"wp:featuredmedia":[{"embeddable":true,"href":"https:\/\/lalicup.com\/hr\/wp-json\/wp\/v2\/media\/929"}],"wp:attachment":[{"href":"https:\/\/lalicup.com\/hr\/wp-json\/wp\/v2\/media?parent=522"}],"wp:term":[{"taxonomy":"product_brand","embeddable":true,"href":"https:\/\/lalicup.com\/hr\/wp-json\/wp\/v2\/product_brand?post=522"},{"taxonomy":"product_cat","embeddable":true,"href":"https:\/\/lalicup.com\/hr\/wp-json\/wp\/v2\/product_cat?post=522"},{"taxonomy":"product_tag","embeddable":true,"href":"https:\/\/lalicup.com\/hr\/wp-json\/wp\/v2\/product_tag?post=522"}],"curies":[{"name":"wp","href":"https:\/\/api.w.org\/{rel}","templated":true}]}}