{"id":525,"date":"2016-04-18T00:00:00","date_gmt":"2016-04-18T00:00:00","guid":{"rendered":"http:\/\/lalicup.com\/product\/pralni-bombazni-vlozki-lalipad\/"},"modified":"2026-04-20T11:41:07","modified_gmt":"2026-04-20T11:41:07","slug":"starter-kit-lalipad","status":"publish","type":"product","link":"https:\/\/lalicup.com\/hr\/shop\/starter-kit-lalipad\/","title":{"rendered":"Po\u010detni komplet - LaliPad"},"content":{"rendered":"<p>Kit contains 3 pieces: inputs with wings S, M and L<br \/>\nPads has different implementations: bamboo, organic cotton and printed, different designs<\/p>\n<div id=\"gt-res-content\" class=\"almost_half_cell\">\n<div dir=\"ltr\">\n<p><span id=\"result_box\" lang=\"en\" tabindex=\"-1\">OPIS<\/span><\/p>\n<p>\u25e6 pri\u010dvrstite ih na donje rublje pomo\u0107u \u010di\u010dka i jedan \u010di\u010dak \u0107e ih dr\u017eati na mjestu<br \/>\n\u25e6 unutarnji sloj je vodootporan<br \/>\n\u25e6 mogu se prati na 95 \u00b0 C i ne ostavljaju mrlje na bijelom rublju<br \/>\n\u25e6 du\u017eina: model S: 18 cm, M: 22 cm, L: 27 cm<\/p>\n<p>MATERIAL<br \/>\n\u2022 gornji sloj: 95% pamuk, 5% elastan<br \/>\n\u2022 srednji sloj: 77% viskoza (bambus), 23% poliester<\/p>\n<p>\u2022 donji sloj: 70% pamuk, 30% poliester, premaz od poliuretana (materijal proizveden u Njema\u010dkoj i certificiran je prema EKOTEX 100 Class 1 standardu, vodootpornost prema DIN 208011: 3000 mm, propusnost vodene pare DIN 53122 \/ klima ure\u0111aj B: pribli\u017eno 500 g\/m2d, bez PVC-a i formaldehida)<\/p>\n<\/div>\n<\/div>\n<div><\/div>","protected":false},"excerpt":{"rendered":"<p>Sastoji se od 3 dijela: ulo\u0161ci razli\u010ditih veli\u010dina (S, M i L).<\/p>\n<p>Jo\u0161 uvijek niste potpuno sigurni da je \u010da\u0161ica savr\u0161eno rje\u0161enje za menstruaciju za vas? Uop\u0107e nije problem, jer tako\u0111er nudimo pranje ulo\u017eca, koji su odli\u010dna ekolo\u0161ki prihvatljiva alternativa za sve djevojke koje jo\u0161 nisu spremne prije\u0107i na LaliCup. U setu \u0107ete prona\u0107i tri ulo\u017eci razli\u010ditih veli\u010dina (S, M i L).<\/p>","protected":false},"featured_media":6859,"comment_status":"closed","ping_status":"closed","template":"","meta":{"_mo_disable_npp":"","om_disable_all_campaigns":false},"product_brand":[],"product_cat":[21],"product_tag":[137,151,144,145,234,233,232,235,171,147,238,237,236,239,141,142,242,241,240,243,146,143,246,245,244,247,148,149],"class_list":{"0":"post-525","1":"product","2":"type-product","3":"status-publish","4":"has-post-thumbnail","6":"product_cat-menstrual-hygiene","7":"product_tag-feminine-hygiene","8":"product_tag-lalicup","9":"product_tag-lalipad","10":"product_tag-menstrual-pad","11":"product_tag-menstrual-pad-l","12":"product_tag-menstrual-pad-m","13":"product_tag-menstrual-pad-s","14":"product_tag-menstrual-pad-xl","15":"product_tag-menstrual-pads","16":"product_tag-period-kit","17":"product_tag-period-pad-l","18":"product_tag-period-pad-m","19":"product_tag-period-pad-s","20":"product_tag-period-pad-xl","21":"product_tag-period-pads","22":"product_tag-reusable-pad","23":"product_tag-reusable-pad-l","24":"product_tag-reusable-pad-m","25":"product_tag-reusable-pad-s","26":"product_tag-reusable-pad-xl","27":"product_tag-starter-kit","28":"product_tag-washable-pad","29":"product_tag-washable-pad-l","30":"product_tag-washable-pad-m","31":"product_tag-washable-pad-s","32":"product_tag-washable-pad-xl","33":"product_tag-washable-pads","34":"product_tag-zero-waste","35":"pa_brand-lalicup","37":"first","38":"instock","39":"taxable","40":"shipping-taxable","41":"purchasable","42":"product-type-simple"},"aioseo_notices":[],"_links":{"self":[{"href":"https:\/\/lalicup.com\/hr\/wp-json\/wp\/v2\/product\/525","targetHints":{"allow":["GET"]}}],"collection":[{"href":"https:\/\/lalicup.com\/hr\/wp-json\/wp\/v2\/product"}],"about":[{"href":"https:\/\/lalicup.com\/hr\/wp-json\/wp\/v2\/types\/product"}],"replies":[{"embeddable":true,"href":"https:\/\/lalicup.com\/hr\/wp-json\/wp\/v2\/comments?post=525"}],"wp:featuredmedia":[{"embeddable":true,"href":"https:\/\/lalicup.com\/hr\/wp-json\/wp\/v2\/media\/6859"}],"wp:attachment":[{"href":"https:\/\/lalicup.com\/hr\/wp-json\/wp\/v2\/media?parent=525"}],"wp:term":[{"taxonomy":"product_brand","embeddable":true,"href":"https:\/\/lalicup.com\/hr\/wp-json\/wp\/v2\/product_brand?post=525"},{"taxonomy":"product_cat","embeddable":true,"href":"https:\/\/lalicup.com\/hr\/wp-json\/wp\/v2\/product_cat?post=525"},{"taxonomy":"product_tag","embeddable":true,"href":"https:\/\/lalicup.com\/hr\/wp-json\/wp\/v2\/product_tag?post=525"}],"curies":[{"name":"wp","href":"https:\/\/api.w.org\/{rel}","templated":true}]}}