{"id":526,"date":"2023-01-23T00:00:00","date_gmt":"2023-01-23T00:00:00","guid":{"rendered":"http:\/\/lalicup.com\/product\/pralni-bombazni-vlozek-s-krilci-nepremocljivo-plastjo\/"},"modified":"2026-04-20T11:38:55","modified_gmt":"2026-04-20T11:38:55","slug":"lalipad-with-wings-and-leakproof-layer","status":"publish","type":"product","link":"https:\/\/lalicup.com\/hr\/shop\/lalipad-with-wings-and-leakproof-layer\/","title":{"rendered":"LaliPad s krilcima i nepropusnim slojem"},"content":{"rendered":"<div id=\"gt-res-content\" class=\"almost_half_cell\">\n<div dir=\"ltr\">\n<p><span id=\"result_box\" lang=\"en\" tabindex=\"-1\">OPIS<\/span><\/p>\n<p>\u25e6 pri\u010dvrstite ih na donje rublje pomo\u0107u \u010di\u010dka i jedan \u010di\u010dak \u0107e ih dr\u017eati na mjestu<br \/>\n\u25e6 unutarnji sloj je vodootporan<br \/>\n\u25e6 mogu se prati na 95 \u00b0 C i ne ostavljaju mrlje na bijelom rublju<br \/>\n\u25e6 du\u017eina: model S: 18 cm, M: 22 cm, L: 27 cm<\/p>\n<p>MATERIAL<br \/>\n\u2022 gornji sloj: 95% pamuk, 5% elastan<br \/>\n\u2022 srednji sloj: 77% viskoza (bambus), 23% poliester<\/p>\n<p>\u2022 donji sloj: 70% pamuk, 30% poliester, premaz od poliuretana (materijal proizveden u Njema\u010dkoj i certificiran je prema EKOTEX 100 Class 1 standardu, vodootpornost prema DIN 208011: 3000 mm, propusnost vodene pare DIN 53122 \/ klima ure\u0111aj B: pribli\u017eno 500 g\/m2d, bez PVC-a i formaldehida)<\/p>\n<\/div>\n<\/div>\n<div><\/div>","protected":false},"excerpt":{"rendered":"<p>LaliPads su osnovno isti kao i jednokratni ulo\u0161ci, osim \u0161to su perivi i mogu se ponovno koristiti. Jeste li znali da platneni ulo\u0161ci mogu sprije\u010diti dosta otpada iz sanitarnih proizvoda \u0161irom svijeta? Dostupni su u razli\u010ditim bojama i zanimljivim dizajnima kako bi menstruacija bila zabavnija, a tako\u0111er su vrlo jednostavni za kori\u0161tenje! Sve \u0161to trebate u\u010diniti je pri\u010dvrstiti ih na donje rublje, a jedna kop\u010da \u0107e ih dr\u017eati na mjestu. Na\u0161i platneni ulo\u0161ci izra\u0111eni su od pamuka, eko-pamuka i bambusa, pa promi\u010du dobrobit kroz cijeli menstrualni ciklus.<\/p>","protected":false},"featured_media":6088,"comment_status":"closed","ping_status":"closed","template":"","meta":{"_mo_disable_npp":"","om_disable_all_campaigns":false},"product_brand":[],"product_cat":[21],"product_tag":[151,144,145,234,233,232,235,238,237,236,239,141,142,242,241,240,243,143,246,245,244,247],"class_list":{"0":"post-526","1":"product","2":"type-product","3":"status-publish","4":"has-post-thumbnail","6":"product_cat-menstrual-hygiene","7":"product_tag-lalicup","8":"product_tag-lalipad","9":"product_tag-menstrual-pad","10":"product_tag-menstrual-pad-l","11":"product_tag-menstrual-pad-m","12":"product_tag-menstrual-pad-s","13":"product_tag-menstrual-pad-xl","14":"product_tag-period-pad-l","15":"product_tag-period-pad-m","16":"product_tag-period-pad-s","17":"product_tag-period-pad-xl","18":"product_tag-period-pads","19":"product_tag-reusable-pad","20":"product_tag-reusable-pad-l","21":"product_tag-reusable-pad-m","22":"product_tag-reusable-pad-s","23":"product_tag-reusable-pad-xl","24":"product_tag-washable-pad","25":"product_tag-washable-pad-l","26":"product_tag-washable-pad-m","27":"product_tag-washable-pad-s","28":"product_tag-washable-pad-xl","29":"pa_brand-lalicup","30":"pa_velikost-l","31":"pa_velikost-m","32":"pa_velikost-s","33":"pa_velikost-xl","35":"first","36":"instock","37":"taxable","38":"shipping-taxable","39":"purchasable","40":"product-type-variable"},"aioseo_notices":[],"_links":{"self":[{"href":"https:\/\/lalicup.com\/hr\/wp-json\/wp\/v2\/product\/526","targetHints":{"allow":["GET"]}}],"collection":[{"href":"https:\/\/lalicup.com\/hr\/wp-json\/wp\/v2\/product"}],"about":[{"href":"https:\/\/lalicup.com\/hr\/wp-json\/wp\/v2\/types\/product"}],"replies":[{"embeddable":true,"href":"https:\/\/lalicup.com\/hr\/wp-json\/wp\/v2\/comments?post=526"}],"wp:featuredmedia":[{"embeddable":true,"href":"https:\/\/lalicup.com\/hr\/wp-json\/wp\/v2\/media\/6088"}],"wp:attachment":[{"href":"https:\/\/lalicup.com\/hr\/wp-json\/wp\/v2\/media?parent=526"}],"wp:term":[{"taxonomy":"product_brand","embeddable":true,"href":"https:\/\/lalicup.com\/hr\/wp-json\/wp\/v2\/product_brand?post=526"},{"taxonomy":"product_cat","embeddable":true,"href":"https:\/\/lalicup.com\/hr\/wp-json\/wp\/v2\/product_cat?post=526"},{"taxonomy":"product_tag","embeddable":true,"href":"https:\/\/lalicup.com\/hr\/wp-json\/wp\/v2\/product_tag?post=526"}],"curies":[{"name":"wp","href":"https:\/\/api.w.org\/{rel}","templated":true}]}}