{"id":528,"date":"2016-08-05T00:00:00","date_gmt":"2016-08-05T00:00:00","guid":{"rendered":"http:\/\/lalicup.com\/product\/vaginalne-krogljice-za-krepitev-misic-medenicnega-dna\/"},"modified":"2024-04-29T10:50:36","modified_gmt":"2024-04-29T10:50:36","slug":"vaginal-balls-kegel-balls","status":"publish","type":"product","link":"https:\/\/lalicup.com\/hr\/shop\/vaginal-balls-kegel-balls\/","title":{"rendered":"Kegelove kuglice"},"content":{"rendered":"<div class=\"summary summary_product-single\">\n<div class=\"summary__add-cart-section\">\n<div class=\"product-desc\">\n<p>Joyballs - za \u0161areniju obuku!<\/p>\n<p>Lako se \u010diste Joyballs vrlo su jednostavne za umetanje. Sa svakim pokretom, male kuglice stimuliraju va\u0161e najdublje dijelove. Na taj na\u010din \u0107ete u vrlo kratkom roku oja\u010dati mi\u0161i\u0107e vagine. Na taj na\u010din \u0107ete osje\u0107ati vi\u0161e svog partnera - a on \u0107e sigurno osje\u0107ati vi\u0161e vas! Osim toga, analni Joyballs pru\u017eaju \u010disti u\u017eitak kada je u pitanju analni seks. Dostupni su u roza i ljubi\u010dastim bojama.<\/p>\n<p>\u2022 za ja\u010danje mi\u0161i\u0107a zdjelice<br \/>\n\u2022 dermatolo\u0161ki i klini\u010dki testirano<br \/>\n\u2022 apsolutno sigurno i bez otapala<br \/>\n\u2022 izvrsna svojstva koja su prijateljska prema ko\u017ei<br \/>\n\u2022 lako se \u010disti<\/p>\n<p>&nbsp;<\/p>\n<p><iframe loading=\"lazy\" src=\"https:\/\/www.youtube.com\/embed\/yLMwHef5XpA\" width=\"560\" height=\"315\" frameborder=\"0\" allowfullscreen=\"allowfullscreen\" data-mce-fragment=\"1\"><\/iframe><\/p>\n<\/div>\n<\/div>\n<\/div>","protected":false},"excerpt":{"rendered":"<div class=\"summary summary_product-single\">\n<div class=\"summary__add-cart-section\">\n<div class=\"product-desc\">\n<p>Joyballs \u2013 za vaginalni trening radi ja\u010danja mi\u0161i\u0107a zdjeli\u010dnog dna! Svakim pokretom male loptice stimuliraju va\u0161e najdublje dijelove. To \u0107e trenuta\u010dno oja\u010dati mi\u0161i\u0107e vagine. Na taj na\u010din \u0107ete osjetiti partnera intenzivnije \u2013 a on \u0107e sigurno osjetiti vas vi\u0161e! Osim toga, Joyballs pru\u017eaju \u010disti u\u017eitak u seksualnom smislu.<\/p>\n<\/div>\n<\/div>\n<\/div>","protected":false},"featured_media":942,"comment_status":"open","ping_status":"closed","template":"","meta":{"_mo_disable_npp":"","om_disable_all_campaigns":false},"product_brand":[],"product_cat":[21],"product_tag":[114,266],"class_list":{"0":"post-528","1":"product","2":"type-product","3":"status-publish","4":"has-post-thumbnail","6":"product_cat-menstrual-hygiene","7":"product_tag-joyballs-balls","8":"product_tag-kegel-balls","9":"pa_barva-pink","10":"pa_barva-violet","11":"pa_brand-joydivision","13":"first","14":"instock","15":"taxable","16":"shipping-taxable","17":"purchasable","18":"product-type-simple"},"aioseo_notices":[],"_links":{"self":[{"href":"https:\/\/lalicup.com\/hr\/wp-json\/wp\/v2\/product\/528","targetHints":{"allow":["GET"]}}],"collection":[{"href":"https:\/\/lalicup.com\/hr\/wp-json\/wp\/v2\/product"}],"about":[{"href":"https:\/\/lalicup.com\/hr\/wp-json\/wp\/v2\/types\/product"}],"replies":[{"embeddable":true,"href":"https:\/\/lalicup.com\/hr\/wp-json\/wp\/v2\/comments?post=528"}],"wp:featuredmedia":[{"embeddable":true,"href":"https:\/\/lalicup.com\/hr\/wp-json\/wp\/v2\/media\/942"}],"wp:attachment":[{"href":"https:\/\/lalicup.com\/hr\/wp-json\/wp\/v2\/media?parent=528"}],"wp:term":[{"taxonomy":"product_brand","embeddable":true,"href":"https:\/\/lalicup.com\/hr\/wp-json\/wp\/v2\/product_brand?post=528"},{"taxonomy":"product_cat","embeddable":true,"href":"https:\/\/lalicup.com\/hr\/wp-json\/wp\/v2\/product_cat?post=528"},{"taxonomy":"product_tag","embeddable":true,"href":"https:\/\/lalicup.com\/hr\/wp-json\/wp\/v2\/product_tag?post=528"}],"curies":[{"name":"wp","href":"https:\/\/api.w.org\/{rel}","templated":true}]}}