{"id":537,"date":"2016-11-08T00:00:00","date_gmt":"2016-11-08T00:00:00","guid":{"rendered":"http:\/\/lalicup.com\/product\/torbica-za-shranjevanje-z-zadrgo\/"},"modified":"2024-04-29T10:51:14","modified_gmt":"2024-04-29T10:51:14","slug":"storage-pouch-menstrual-cup","status":"publish","type":"product","link":"https:\/\/lalicup.com\/hr\/shop\/storage-pouch-menstrual-cup\/","title":{"rendered":"Torbica za pohranu LaliCup"},"content":{"rendered":"<p>Torba je dizajnirana za pohranu menstrualne \u010da\u0161ice LaliCup. Izra\u0111ena je od pamuka - vrlo prozra\u010dnog materijala koji sprje\u010dava nakupljanje prljav\u0161tine i pra\u0161ine na \u010da\u0161ici. Mo\u017eete ponijeti svoju LaliCup svugdje bez brige, jer je diskretno pohranjena u torbi s patentnim zatvara\u010dem.<\/p>\n<p>Torba je ve\u0107 uklju\u010dena u paket menstrualne \u010da\u0161ice LaliCup.<\/p>\n<p>Dostupna je u razli\u010ditim bojama.<\/p>\n<p>&nbsp;<\/p>","protected":false},"excerpt":{"rendered":"<p>Torbica je dizajnirana za pohranu menstrualne \u010da\u0161ice LaliCup. Izra\u0111ena je od pamuka - vrlo prozra\u010dnog materijala koji sprje\u010dava nakupljanje prljav\u0161tine i pra\u0161ine na \u010da\u0161ici. Mo\u017eete ponijeti svoju LaliCup svugdje bez brige, jer je diskretno pohranjena u torbi s patentnim zatvara\u010dem.<\/p>","protected":false},"featured_media":6129,"comment_status":"closed","ping_status":"closed","template":"","meta":{"_mo_disable_npp":"","om_disable_all_campaigns":false},"product_brand":[],"product_cat":[32,21],"product_tag":[151,140,255,256,258,259,257,139,260,261,263,264,262,138],"class_list":{"0":"post-537","1":"product","2":"type-product","3":"status-publish","4":"has-post-thumbnail","6":"product_cat-menstrual-cup","7":"product_cat-menstrual-hygiene","8":"product_tag-lalicup","9":"product_tag-lalicup-bag","10":"product_tag-lalicup-bag-black","11":"product_tag-lalicup-bag-blue","12":"product_tag-lalicup-bag-red","13":"product_tag-lalicup-bag-violet","14":"product_tag-lalicup-bag-white","15":"product_tag-lalicup-pouch","16":"product_tag-lalicup-pouch-black","17":"product_tag-lalicup-pouch-blue","18":"product_tag-lalicup-pouch-red","19":"product_tag-lalicup-pouch-violet","20":"product_tag-lalicup-pouch-white","21":"product_tag-storage-pouch","22":"pa_barva-black","23":"pa_barva-blue","24":"pa_barva-green","25":"pa_barva-plain","26":"pa_barva-red","27":"pa_barva-violet","28":"pa_brand-lalicup","30":"first","31":"instock","32":"taxable","33":"shipping-taxable","34":"purchasable","35":"product-type-variable"},"aioseo_notices":[],"_links":{"self":[{"href":"https:\/\/lalicup.com\/hr\/wp-json\/wp\/v2\/product\/537","targetHints":{"allow":["GET"]}}],"collection":[{"href":"https:\/\/lalicup.com\/hr\/wp-json\/wp\/v2\/product"}],"about":[{"href":"https:\/\/lalicup.com\/hr\/wp-json\/wp\/v2\/types\/product"}],"replies":[{"embeddable":true,"href":"https:\/\/lalicup.com\/hr\/wp-json\/wp\/v2\/comments?post=537"}],"wp:featuredmedia":[{"embeddable":true,"href":"https:\/\/lalicup.com\/hr\/wp-json\/wp\/v2\/media\/6129"}],"wp:attachment":[{"href":"https:\/\/lalicup.com\/hr\/wp-json\/wp\/v2\/media?parent=537"}],"wp:term":[{"taxonomy":"product_brand","embeddable":true,"href":"https:\/\/lalicup.com\/hr\/wp-json\/wp\/v2\/product_brand?post=537"},{"taxonomy":"product_cat","embeddable":true,"href":"https:\/\/lalicup.com\/hr\/wp-json\/wp\/v2\/product_cat?post=537"},{"taxonomy":"product_tag","embeddable":true,"href":"https:\/\/lalicup.com\/hr\/wp-json\/wp\/v2\/product_tag?post=537"}],"curies":[{"name":"wp","href":"https:\/\/api.w.org\/{rel}","templated":true}]}}