{"id":549,"date":"2024-08-30T00:00:00","date_gmt":"2024-08-30T00:00:00","guid":{"rendered":"http:\/\/lalicup.com\/product\/soch-pralne-nepremocljive-hlacke-z-vlozkom\/"},"modified":"2025-04-10T11:30:18","modified_gmt":"2025-04-10T11:30:18","slug":"period-underwear-black-lalipanties-with-lace","status":"publish","type":"product","link":"https:\/\/lalicup.com\/hr\/shop\/period-underwear-black-lalipanties-with-lace\/","title":{"rendered":"Crne LaliGa\u0107ice s \u010dipkom"},"content":{"rendered":"<p><strong>PERIOD UNDERWEAR \u2013 Crne LaliGa\u0107ice s \u010dipkom<\/strong><\/p>\n<p>Ove menstrualne ga\u0107ice su prvenstveno namijenjene za obilno krvarenje, postporo\u0111ajno krvarenje, inkontinenciju ili blago curenje mokra\u0107e. Menstrualne ga\u0107ice izra\u0111ene su od upijaju\u0107eg materijala i sloja otpornog na curenje koji \u0161titi od propu\u0161tanja. Sanitarni ulo\u017eak (ve\u0107 u\u0161iven u LaliGa\u0107ice) nudi dodatnu za\u0161titu, tako da se mo\u017eete osje\u0107ati sigurno bez obzira na ja\u010dinu va\u0161eg krvarenja.<\/p>\n<p>Sastoji se od:<\/p>\n<p>Vanjski sloj: 95% pamuk i 5% spandex<\/p>\n<p>Unutarnji sloj (nepropusni sloj): 95% viskoza, 5% elastan.<\/p>","protected":false},"excerpt":{"rendered":"<p class=\"translation-block\"><strong>Jeste li znali da <\/strong>menstrualne ga\u0107ice mogu biti lijepe? <strong>Crne LaliGa\u0107ice su elegantno, funkcionalno i <\/strong>udobno rje\u0161enje koje \u0107e vam pomo\u0107i da zauvijek sprije\u010dite curenje i mrlje, ostavljaju\u0107i vas suhim, udobnim i sigurnim.<\/p>\n<p>Izra\u0111ene su da izgledaju i osje\u0107aju se kao obi\u010dne ga\u0107ice te nisu glomazne. Ali, ne dajte da vas izgled zavara; na\u0161e menstrualne ga\u0107ice izra\u0111ene su s 4 dodatna za\u0161titna sloja posebnog upijaju\u0107eg materijala i pru\u017eaju za\u0161titu cijelom du\u017einom le\u0111a, omogu\u0107uju\u0107i vam da se s povjerenjem nosite s menstruacijom.<\/p>\n<p>U osnovi, ekolo\u0161ki prihvatljiva nadogradnja nu\u017enog odjevnog predmeta.<\/p>\n<p>&nbsp;<\/p>","protected":false},"featured_media":9294,"comment_status":"closed","ping_status":"closed","template":"","meta":{"_mo_disable_npp":"","om_disable_all_campaigns":false},"product_brand":[],"product_cat":[21,50],"product_tag":[137,134,135,151,129,128,136,133,230,226,225,216,228,229,127,224,219,218,217,220,221,222,290,294,293,292,291,297,298,296,299],"class_list":{"0":"post-549","1":"product","2":"type-product","3":"status-publish","4":"has-post-thumbnail","6":"product_cat-menstrual-hygiene","7":"product_cat-waterproof-pants","8":"product_tag-feminine-hygiene","9":"product_tag-incontinence","10":"product_tag-incontinence-panties","11":"product_tag-lalicup","12":"product_tag-lalicup-menstrual-panties","13":"product_tag-lalicup-panties","14":"product_tag-leak-proof-panties","15":"product_tag-menstrual-panties","16":"product_tag-menstrual-panties-2xl","17":"product_tag-menstrual-panties-l","18":"product_tag-menstrual-panties-m","19":"product_tag-menstrual-panties-s","20":"product_tag-menstrual-panties-xxl","21":"product_tag-menstrual-panties-xxxl","22":"product_tag-period-panties","23":"product_tag-period-panties-2xl","24":"product_tag-period-panties-l","25":"product_tag-period-panties-m","26":"product_tag-period-panties-s","27":"product_tag-period-panties-xl","28":"product_tag-period-panties-xxl","29":"product_tag-period-panties-xxxl","30":"product_tag-period-underwear","31":"product_tag-period-underwear-2xl","32":"product_tag-period-underwear-l","33":"product_tag-period-underwear-m","34":"product_tag-period-underwear-s","35":"product_tag-period-underwear-xl","36":"product_tag-period-underwear-xxl","37":"product_tag-period-underwear-xxxl","38":"product_tag-period-underwear3xl","39":"pa_brand-lalicup","40":"pa_velikost-l","41":"pa_velikost-m","42":"pa_velikost-s","43":"pa_velikost-xl","44":"pa_velikost-xxl","46":"first","47":"instock","48":"taxable","49":"shipping-taxable","50":"purchasable","51":"product-type-variable"},"aioseo_notices":[],"_links":{"self":[{"href":"https:\/\/lalicup.com\/hr\/wp-json\/wp\/v2\/product\/549","targetHints":{"allow":["GET"]}}],"collection":[{"href":"https:\/\/lalicup.com\/hr\/wp-json\/wp\/v2\/product"}],"about":[{"href":"https:\/\/lalicup.com\/hr\/wp-json\/wp\/v2\/types\/product"}],"replies":[{"embeddable":true,"href":"https:\/\/lalicup.com\/hr\/wp-json\/wp\/v2\/comments?post=549"}],"wp:featuredmedia":[{"embeddable":true,"href":"https:\/\/lalicup.com\/hr\/wp-json\/wp\/v2\/media\/9294"}],"wp:attachment":[{"href":"https:\/\/lalicup.com\/hr\/wp-json\/wp\/v2\/media?parent=549"}],"wp:term":[{"taxonomy":"product_brand","embeddable":true,"href":"https:\/\/lalicup.com\/hr\/wp-json\/wp\/v2\/product_brand?post=549"},{"taxonomy":"product_cat","embeddable":true,"href":"https:\/\/lalicup.com\/hr\/wp-json\/wp\/v2\/product_cat?post=549"},{"taxonomy":"product_tag","embeddable":true,"href":"https:\/\/lalicup.com\/hr\/wp-json\/wp\/v2\/product_tag?post=549"}],"curies":[{"name":"wp","href":"https:\/\/api.w.org\/{rel}","templated":true}]}}