{"id":555,"date":"2017-12-15T00:00:00","date_gmt":"2017-12-15T00:00:00","guid":{"rendered":"http:\/\/lalicup.com\/product\/lalipanties-menstrualne-hlacke\/"},"modified":"2025-09-10T11:24:54","modified_gmt":"2025-09-10T11:24:54","slug":"lalipanties-period-panties","status":"publish","type":"product","link":"https:\/\/lalicup.com\/hr\/shop\/lalipanties-period-panties\/","title":{"rendered":"LaliPanties, nepropusne ga\u0107ice za vi\u0161ekratnu upotrebu"},"content":{"rendered":"<div class=\"image_container_inner_1\">\n<div class=\"image_container_inner_1\">\n<p><span class=\"img_title\">Ponovno upijaju\u0107e ga\u0107e bez proboja tijekom menstruacije\u00a0<\/span><\/p>\n<\/div>\n<div>\n<p>LaliPanties nisu ni\u0161ta poput onih pelena za odrasle koje vjerojatno zami\u0161ljate. Osje\u0107aju se kao obi\u010dno rublje; jedina razlika koju biste mogli primijetiti je poseban sloj koji ima sposobnost spre\u010davanja proboja na prednjem, stra\u017enjem i unutarnjem dijelu bedara. Ovisno o tome koliko je jak va\u0161 protok, ga\u0107ice za vrijeme menstruacije mo\u017eda ne\u0107e biti dovoljno upijaju\u0107e, pa iskreno vjerujemo da su LaliPanties i LaliCup\/LaliPad idealan spoj. LaliPanties su perive i vi\u0161ekratno upotrebljive, \u0161to ih \u010dini savr\u0161enom alternativom za jednokratne higijenske proizvode, otporne na proboje i prijateljske ko\u017ei.<\/p>\n<p>LaliPanties dolaze u 6 razli\u010ditih veli\u010dina.<\/p>\n<p>Sastoji se od: 95% pamuka i 5% spandeksa<\/p>\n<p>Nemojte izbjeljivati, peglati ili kemijski \u010distiti.<\/p>\n<\/div>\n<\/div>\n<div class=\"std\">\n<address>\u00a0<\/address>\n<\/div>","protected":false},"excerpt":{"rendered":"<div class=\"image_container_inner_1\">\n<div class=\"image_container_inner_1\"><\/div>\n<div>\n<p>LaliPanties nisu ni\u0161ta poput odraslih pelena o kojima vjerojatno razmi\u0161ljate. Osje\u0107aju se ba\u0161 kao obi\u010dno donje rublje; jedina razlika koju biste mogli primijetiti je poseban sloj koji ima sposobnost zaustavljanja potencijalnih kapi krvi. Ovisno o tome koliko je jak va\u0161 protok, periodsko rublje mo\u017eda ne\u0107e biti dovoljno upijaju\u0107e, pa iskreno vjerujemo da su periodsko rublje i LaliCup spoj kao stvoren za vas. LaliPanties su perive i vi\u0161ekratno upotrebljive, \u010dine\u0107i ih savr\u0161enom ekolo\u0161kom alternativom za jednokratne higijenske proizvode.<\/p>\n<p>LaliPanties dolaze u 6 razli\u010ditih veli\u010dina.<\/p>\n<\/div>\n<\/div>","protected":false},"featured_media":724,"comment_status":"closed","ping_status":"closed","template":"","meta":{"_mo_disable_npp":"","om_disable_all_campaigns":false},"product_brand":[],"product_cat":[21,50],"product_tag":[137,134,135,151,129,136,133,230,231,226,225,216,227,228,229,127,224,223,219,218,217,220,221,222,290,294,295,293,292,291,297,298,296],"class_list":{"0":"post-555","1":"product","2":"type-product","3":"status-publish","4":"has-post-thumbnail","6":"product_cat-menstrual-hygiene","7":"product_cat-waterproof-pants","8":"product_tag-feminine-hygiene","9":"product_tag-incontinence","10":"product_tag-incontinence-panties","11":"product_tag-lalicup","12":"product_tag-lalicup-menstrual-panties","13":"product_tag-leak-proof-panties","14":"product_tag-menstrual-panties","15":"product_tag-menstrual-panties-2xl","16":"product_tag-menstrual-panties-3xl","17":"product_tag-menstrual-panties-l","18":"product_tag-menstrual-panties-m","19":"product_tag-menstrual-panties-s","20":"product_tag-menstrual-panties-xl","21":"product_tag-menstrual-panties-xxl","22":"product_tag-menstrual-panties-xxxl","23":"product_tag-period-panties","24":"product_tag-period-panties-2xl","25":"product_tag-period-panties-3xl","26":"product_tag-period-panties-l","27":"product_tag-period-panties-m","28":"product_tag-period-panties-s","29":"product_tag-period-panties-xl","30":"product_tag-period-panties-xxl","31":"product_tag-period-panties-xxxl","32":"product_tag-period-underwear","33":"product_tag-period-underwear-2xl","34":"product_tag-period-underwear-3xl","35":"product_tag-period-underwear-l","36":"product_tag-period-underwear-m","37":"product_tag-period-underwear-s","38":"product_tag-period-underwear-xl","39":"product_tag-period-underwear-xxl","40":"product_tag-period-underwear-xxxl","41":"pa_barva-owl","42":"pa_barva-plain","43":"pa_barva-sloth","44":"pa_brand-lalicup","45":"pa_velikost-l","46":"pa_velikost-m","47":"pa_velikost-s","48":"pa_velikost-xl","49":"pa_velikost-xxl","50":"pa_velikost-xxxl","52":"first","53":"instock","54":"taxable","55":"shipping-taxable","56":"purchasable","57":"product-type-variable"},"aioseo_notices":[],"_links":{"self":[{"href":"https:\/\/lalicup.com\/hr\/wp-json\/wp\/v2\/product\/555","targetHints":{"allow":["GET"]}}],"collection":[{"href":"https:\/\/lalicup.com\/hr\/wp-json\/wp\/v2\/product"}],"about":[{"href":"https:\/\/lalicup.com\/hr\/wp-json\/wp\/v2\/types\/product"}],"replies":[{"embeddable":true,"href":"https:\/\/lalicup.com\/hr\/wp-json\/wp\/v2\/comments?post=555"}],"wp:featuredmedia":[{"embeddable":true,"href":"https:\/\/lalicup.com\/hr\/wp-json\/wp\/v2\/media\/724"}],"wp:attachment":[{"href":"https:\/\/lalicup.com\/hr\/wp-json\/wp\/v2\/media?parent=555"}],"wp:term":[{"taxonomy":"product_brand","embeddable":true,"href":"https:\/\/lalicup.com\/hr\/wp-json\/wp\/v2\/product_brand?post=555"},{"taxonomy":"product_cat","embeddable":true,"href":"https:\/\/lalicup.com\/hr\/wp-json\/wp\/v2\/product_cat?post=555"},{"taxonomy":"product_tag","embeddable":true,"href":"https:\/\/lalicup.com\/hr\/wp-json\/wp\/v2\/product_tag?post=555"}],"curies":[{"name":"wp","href":"https:\/\/api.w.org\/{rel}","templated":true}]}}