{"id":573,"date":"2018-02-16T00:00:00","date_gmt":"2018-02-16T00:00:00","guid":{"rendered":"http:\/\/lalicup.com\/product\/lali-pack\/"},"modified":"2024-09-30T14:47:21","modified_gmt":"2024-09-30T14:47:21","slug":"lalipack-menstrual-cup-panties","status":"publish","type":"product","link":"https:\/\/lalicup.com\/hr\/shop\/lalipack-menstrual-cup-panties\/","title":{"rendered":"LaliPack \u2013 LaliCup i ga\u0107ice"},"content":{"rendered":"<p><strong>LALIPACK<\/strong><\/p>\n<p>LaliPack pru\u017ea potpunu za\u0161titu i bezbri\u017ene dane. U paketu \u0107ete prona\u0107i pobjedni\u010dku kombinaciju vodootpornih LaliPanties (menstrualnih ga\u0107ica) i prozirne LaliCup.<\/p>\n<p><strong>LaliCup<\/strong> menstrualni \u0161alica izra\u0111ena je od medicinskog silikona visoke kvalitete koji ne iritira ili isu\u0161uje vaginalnu sluznicu i pogodna je za osjetljivu ko\u017eu sklonu infekcijama kvasca ili alergijama. Zamislite koliko ste ve\u0107 novca potro\u0161ili na jednokratne tampone i ulo\u0161ke! Lalicup se mo\u017ee koristiti godinama i fantasti\u010dna je ekolo\u0161ka alternativa tradicionalnim proizvodima za menstrualni period. Mo\u017eete je nositi bez obzira na to \u0161to radite \u2013 od spavanja do plivanja. Zahvaljuju\u0107i svojoj velikoj zapremi, ne morate tra\u017eiti WC gdje god da idete jer pru\u017ea za\u0161titu tijekom vi\u0161e sati, pa mo\u017eete u\u017eivati u trenutku bez brige o mrljama na hla\u010dama.<\/p>\n<p><strong>LaliPanties<\/strong> Nisu ni\u0161ta poput odraslih pelena o kojima vjerojatno razmi\u0161ljate. Osje\u0107aju se ba\u0161 kao obi\u010dno donje rublje; jedina razlika koju biste mogli primijetiti je poseban sloj koji \u0161titi od mogu\u0107ih mrlja na hla\u010dama. Ovisno o tome koliko je jak va\u0161 protok, periodski ga\u0107ice mo\u017eda ne\u0107e biti dovoljno upijaju\u0107e, pa iskreno vjerujemo da su LaliPanties i LaliCup spoj kao stvoren za vas. LaliPanties su perive i vi\u0161ekratno upotrebljive, \u010dine\u0107i ih savr\u0161enom ekolo\u0161kom alternativom za jednokratne higijenske proizvode. A ne treba ni spominjati njihove slatke uzorke koji menstruaciju \u010dine zabavnijom.<\/p>","protected":false},"excerpt":{"rendered":"<p><strong>LALIPACK<\/strong><\/p>\n<p>Iskreno vjerujemo da su LaliPanties i LaliCup savr\u0161en spoj. Paket je idealan za sve \u017eene, ali posebno za one koje tek zapo\u010dinju svoje putovanje s menstrualnom \u010da\u0161icom i poku\u0161avaju shvatiti kako je pravilno umetnuti. Tu LaliPanties dolaze kao prakti\u010dno rje\u0161enje - poseban sloj ima sposobnost sprje\u010davanja mrlja na prednjem, stra\u017enjem i unutarnjem dijelu bedara. LaliPack pru\u017ea potpunu za\u0161titu i bezbri\u017ene dane.<\/p>\n<p>Paket se sastoji od: LaliPantiesa, koji su vodootporni donji ve\u0161 (periodski donji ve\u0161) i prozirne LaliCup \u010da\u0161e.<\/p>","protected":false},"featured_media":4523,"comment_status":"closed","ping_status":"closed","template":"","meta":{"_mo_disable_npp":"","om_disable_all_campaigns":false},"product_brand":[],"product_cat":[32,21,50],"product_tag":[154,125,137,134,135,151,129,44,38,215,206,128,159,157,136,122,209,208,207,210,133,230,231,226,225,216,227,228,229,124,126,127,224,223,219,218,217,220,221,222,290,294,295,293,292,291,297,298,296],"class_list":{"0":"post-573","1":"product","2":"type-product","3":"status-publish","4":"has-post-thumbnail","6":"product_cat-menstrual-cup","7":"product_cat-menstrual-hygiene","8":"product_cat-waterproof-pants","9":"product_tag-best-menstrual-cup","10":"product_tag-best-period-cup","11":"product_tag-feminine-hygiene","12":"product_tag-incontinence","13":"product_tag-incontinence-panties","14":"product_tag-lalicup","15":"product_tag-lalicup-menstrual-panties","16":"product_tag-lalicup-model-l","17":"product_tag-lalicup-model-m","18":"product_tag-lalicup-model-s","19":"product_tag-lalicup-model-xl","20":"product_tag-lalicup-panties","21":"product_tag-lalicup-size","22":"product_tag-lalicup-sizes","23":"product_tag-leak-proof-panties","24":"product_tag-menstrual-cup","25":"product_tag-menstrual-cup-l","26":"product_tag-menstrual-cup-m","27":"product_tag-menstrual-cup-s","28":"product_tag-menstrual-cup-xl","29":"product_tag-menstrual-panties","30":"product_tag-menstrual-panties-2xl","31":"product_tag-menstrual-panties-3xl","32":"product_tag-menstrual-panties-l","33":"product_tag-menstrual-panties-m","34":"product_tag-menstrual-panties-s","35":"product_tag-menstrual-panties-xl","36":"product_tag-menstrual-panties-xxl","37":"product_tag-menstrual-panties-xxxl","38":"product_tag-period-cup","39":"product_tag-period-cup-and-panties","40":"product_tag-period-panties","41":"product_tag-period-panties-2xl","42":"product_tag-period-panties-3xl","43":"product_tag-period-panties-l","44":"product_tag-period-panties-m","45":"product_tag-period-panties-s","46":"product_tag-period-panties-xl","47":"product_tag-period-panties-xxl","48":"product_tag-period-panties-xxxl","49":"product_tag-period-underwear","50":"product_tag-period-underwear-2xl","51":"product_tag-period-underwear-3xl","52":"product_tag-period-underwear-l","53":"product_tag-period-underwear-m","54":"product_tag-period-underwear-s","55":"product_tag-period-underwear-xl","56":"product_tag-period-underwear-xxl","57":"product_tag-period-underwear-xxxl","58":"pa_brand-lalicup","59":"pa_model-model-xl","60":"pa_model-model-l","61":"pa_model-model-m","62":"pa_model-model-s","63":"pa_velikost-l","64":"pa_velikost-m","65":"pa_velikost-s","66":"pa_velikost-xl","67":"pa_velikost-xxl","68":"pa_velikost-xxxl","70":"first","71":"instock","72":"taxable","73":"shipping-taxable","74":"purchasable","75":"product-type-variable"},"aioseo_notices":[],"_links":{"self":[{"href":"https:\/\/lalicup.com\/hr\/wp-json\/wp\/v2\/product\/573","targetHints":{"allow":["GET"]}}],"collection":[{"href":"https:\/\/lalicup.com\/hr\/wp-json\/wp\/v2\/product"}],"about":[{"href":"https:\/\/lalicup.com\/hr\/wp-json\/wp\/v2\/types\/product"}],"replies":[{"embeddable":true,"href":"https:\/\/lalicup.com\/hr\/wp-json\/wp\/v2\/comments?post=573"}],"wp:featuredmedia":[{"embeddable":true,"href":"https:\/\/lalicup.com\/hr\/wp-json\/wp\/v2\/media\/4523"}],"wp:attachment":[{"href":"https:\/\/lalicup.com\/hr\/wp-json\/wp\/v2\/media?parent=573"}],"wp:term":[{"taxonomy":"product_brand","embeddable":true,"href":"https:\/\/lalicup.com\/hr\/wp-json\/wp\/v2\/product_brand?post=573"},{"taxonomy":"product_cat","embeddable":true,"href":"https:\/\/lalicup.com\/hr\/wp-json\/wp\/v2\/product_cat?post=573"},{"taxonomy":"product_tag","embeddable":true,"href":"https:\/\/lalicup.com\/hr\/wp-json\/wp\/v2\/product_tag?post=573"}],"curies":[{"name":"wp","href":"https:\/\/api.w.org\/{rel}","templated":true}]}}