{"id":6289,"date":"2020-09-25T11:50:14","date_gmt":"2020-09-25T11:50:14","guid":{"rendered":"http:\/\/lalicup.com\/?post_type=product&#038;p=6289"},"modified":"2026-03-26T12:59:27","modified_gmt":"2026-03-26T12:59:27","slug":"storage-pouch-for-washable-pads-wet-bag","status":"publish","type":"product","link":"https:\/\/lalicup.com\/hr\/shop\/storage-pouch-for-washable-pads-wet-bag\/","title":{"rendered":"Torbica za pohranu LaliPads (wet bag)."},"content":{"rendered":"<p>Vodootporna dvodijelna torbica za ulo\u0161ke<\/p>\n<p>Ova torbica je dizajnirana za pohranu perivih platnenih ulo\u017eaka kada ste u pokretu. Ima dva d\u017eepa koja se lako zatvaraju na preklop. Idealno je mjesto za \u010duvanje ulo\u017eaka prije pranja. \u0160tovi\u0161e, oba d\u017eepa su izra\u0111ena od vodootpornog materijala, \u0161to omogu\u0107ava istovremeno pohranjivanje \u010distih i prljavih ulo\u017eaka.<\/p>\n<p>\u2013 veli\u010dina: 16 x 11 cm<\/p>\n<p>\u2013 zbog veli\u010dine torbice mo\u017ee primiti 2-3 LaliPads ulo\u0161ka;<\/p>\n<p>&nbsp;<\/p>","protected":false},"excerpt":{"rendered":"<p>Vodootporna dvodijelna torba idealna je za pohranu perivih ulo\u017eaka. Mo\u017ee se koristiti kako za \u010diste tako i za prljave ulo\u0161ke. Preporu\u010dujemo da prljave ulo\u0161ke operete u hladnoj vodi \u010dim do\u0111ete ku\u0107i. Torba ima dva d\u017eepa koji se lako zatvaraju pomo\u0107u \u010di\u010dak traka s obje strane.<\/p>\n<p>\u2013 veli\u010dina: 16 x 11 cm<\/p>\n<p>\u2013 torba mo\u017ee primiti 2-3 ulo\u0161ka<\/p>\n<p>&nbsp;<\/p>\n<p>&nbsp;<\/p>","protected":false},"featured_media":8340,"comment_status":"open","ping_status":"closed","template":"","meta":{"_mo_disable_npp":"","om_disable_all_campaigns":false},"product_brand":[],"product_cat":[21],"product_tag":[151,140,144,145,141,142,265,143],"class_list":{"0":"post-6289","1":"product","2":"type-product","3":"status-publish","4":"has-post-thumbnail","6":"product_cat-menstrual-hygiene","7":"product_tag-lalicup","8":"product_tag-lalicup-bag","9":"product_tag-lalipad","10":"product_tag-menstrual-pad","11":"product_tag-period-pads","12":"product_tag-reusable-pad","13":"product_tag-storage-pouch-lalicup-pouch","14":"product_tag-washable-pad","15":"pa_barva-black","16":"pa_barva-white","17":"pa_brand-lalicup","19":"first","20":"instock","21":"taxable","22":"shipping-taxable","23":"purchasable","24":"product-type-simple"},"aioseo_notices":[],"_links":{"self":[{"href":"https:\/\/lalicup.com\/hr\/wp-json\/wp\/v2\/product\/6289","targetHints":{"allow":["GET"]}}],"collection":[{"href":"https:\/\/lalicup.com\/hr\/wp-json\/wp\/v2\/product"}],"about":[{"href":"https:\/\/lalicup.com\/hr\/wp-json\/wp\/v2\/types\/product"}],"replies":[{"embeddable":true,"href":"https:\/\/lalicup.com\/hr\/wp-json\/wp\/v2\/comments?post=6289"}],"wp:featuredmedia":[{"embeddable":true,"href":"https:\/\/lalicup.com\/hr\/wp-json\/wp\/v2\/media\/8340"}],"wp:attachment":[{"href":"https:\/\/lalicup.com\/hr\/wp-json\/wp\/v2\/media?parent=6289"}],"wp:term":[{"taxonomy":"product_brand","embeddable":true,"href":"https:\/\/lalicup.com\/hr\/wp-json\/wp\/v2\/product_brand?post=6289"},{"taxonomy":"product_cat","embeddable":true,"href":"https:\/\/lalicup.com\/hr\/wp-json\/wp\/v2\/product_cat?post=6289"},{"taxonomy":"product_tag","embeddable":true,"href":"https:\/\/lalicup.com\/hr\/wp-json\/wp\/v2\/product_tag?post=6289"}],"curies":[{"name":"wp","href":"https:\/\/api.w.org\/{rel}","templated":true}]}}