{"id":6742,"date":"2021-01-24T14:59:10","date_gmt":"2021-01-24T14:59:10","guid":{"rendered":"http:\/\/lalicup.com\/?post_type=product&#038;p=6742"},"modified":"2024-05-29T06:50:34","modified_gmt":"2024-05-29T06:50:34","slug":"reusable-heat-pack-for-period-cramps-relief","status":"publish","type":"product","link":"https:\/\/lalicup.com\/hr\/shop\/reusable-heat-pack-for-period-cramps-relief\/","title":{"rendered":"Jastu\u010di\u0107 za grijanje za ubla\u017eavanje mjese\u010dnih gr\u010deva"},"content":{"rendered":"<p>Reusable heat pack for period cramps relief.<\/p>\n<p>Natural hot and cold fabric pillow filled with cherry pips for relief of menstrual cramps, back, shoulders, neck, muscle&#8230; pain.<\/p>","protected":false},"excerpt":{"rendered":"<p>Kori\u0161tenje grija\u0107eg jastu\u010di\u0107a koji se mo\u017ee zagrijati u mikrovalnoj pe\u0107nici \u0107e olak\u0161ati napetost mi\u0161i\u0107a i nelagodu tijekom menstruacije.<br \/>\nSuhe ko\u0161tice tre\u0161nje unutar torbice odr\u017eavaju temperaturu stalno toplom\/hladnom kroz produ\u017eeno razdoblje vremena.<br \/>\nLali grija\u0107i jastu\u010di\u0107 tako\u0111er je izvrstan suputnik na putovanjima i oprema za opu\u0161tanje.<\/p>\n<p><span class=\"LinesEllipsis-ellipsis\">OLAK\u0160ANJE BOLA KOJE JE SIGURNO I U\u010cINKOVITO<\/span><\/p>\n<p><span class=\"LinesEllipsis-ellipsis\"><br \/>\nFleksibilni grija\u0107i jastu\u010di\u0107 prilago\u0111ava se va\u0161em tijelu kako bi u\u010dinkovito ubla\u017eio specifi\u010dna bolna podru\u010dja.<br \/>\nBez negativnih nuspojava farmaceutskih proizvoda, ovaj prirodni grija\u0107i jastu\u010di\u0107 sigurno ubla\u017eava menstrualne gr\u010deve ili bilo koju drugu bol (od vrata do koljena).<br \/>\nJednostavan je za upotrebu i dobro funkcionira kao hladan ili topao oblog. <\/span><\/p>\n<p>&nbsp;<\/p>","protected":false},"featured_media":9210,"comment_status":"open","ping_status":"closed","template":"","meta":{"_mo_disable_npp":"","om_disable_all_campaigns":false},"product_brand":[],"product_cat":[21],"product_tag":[117,116],"class_list":{"0":"post-6742","1":"product","2":"type-product","3":"status-publish","4":"has-post-thumbnail","6":"product_cat-menstrual-hygiene","7":"product_tag-intimate-gel","8":"product_tag-intimate-wipes","10":"first","11":"instock","12":"taxable","13":"shipping-taxable","14":"purchasable","15":"product-type-simple"},"aioseo_notices":[],"_links":{"self":[{"href":"https:\/\/lalicup.com\/hr\/wp-json\/wp\/v2\/product\/6742","targetHints":{"allow":["GET"]}}],"collection":[{"href":"https:\/\/lalicup.com\/hr\/wp-json\/wp\/v2\/product"}],"about":[{"href":"https:\/\/lalicup.com\/hr\/wp-json\/wp\/v2\/types\/product"}],"replies":[{"embeddable":true,"href":"https:\/\/lalicup.com\/hr\/wp-json\/wp\/v2\/comments?post=6742"}],"wp:featuredmedia":[{"embeddable":true,"href":"https:\/\/lalicup.com\/hr\/wp-json\/wp\/v2\/media\/9210"}],"wp:attachment":[{"href":"https:\/\/lalicup.com\/hr\/wp-json\/wp\/v2\/media?parent=6742"}],"wp:term":[{"taxonomy":"product_brand","embeddable":true,"href":"https:\/\/lalicup.com\/hr\/wp-json\/wp\/v2\/product_brand?post=6742"},{"taxonomy":"product_cat","embeddable":true,"href":"https:\/\/lalicup.com\/hr\/wp-json\/wp\/v2\/product_cat?post=6742"},{"taxonomy":"product_tag","embeddable":true,"href":"https:\/\/lalicup.com\/hr\/wp-json\/wp\/v2\/product_tag?post=6742"}],"curies":[{"name":"wp","href":"https:\/\/api.w.org\/{rel}","templated":true}]}}