{"id":8021,"date":"2023-01-25T13:58:20","date_gmt":"2023-01-25T13:58:20","guid":{"rendered":"https:\/\/lalicup.com\/?post_type=product&#038;p=8021"},"modified":"2024-09-30T14:46:35","modified_gmt":"2024-09-30T14:46:35","slug":"lalipanties-leakproof-period-panties-red","status":"publish","type":"product","link":"https:\/\/lalicup.com\/hr\/shop\/lalipanties-leakproof-period-panties-red\/","title":{"rendered":"LaliPanties, nepropusne menstrualne ga\u0107ice \u2013 Crvene"},"content":{"rendered":"<div class=\"image_container_inner_1\">\n<div class=\"image_container_inner_1\">\n<p>Crveni LaliPanties s \u010dipkom \u010dine mjese\u010dnice diskretnima, udobnima i prije svega bez propu\u0161tanja, tako da se ne morate brinuti o neugodnim nesre\u0107ama tijekom menstruacije.<\/p>\n<p>Ove super mekane i odr\u017eive menstrualne ga\u0107ice imaju sloj koji sprje\u010dava propu\u0161tanje te mekanu \u010dipku oko struka. Dizajnirali smo ove menstrualne ga\u0107ice kako biste ih nosili za dodatnu za\u0161titu od propu\u0161tanja dok koristite menstrualnu \u010da\u0161icu, tako da se mo\u017eete osje\u0107ati samopouzdano tijekom menstruacije.<\/p>\n<\/div>\n<\/div>","protected":false},"excerpt":{"rendered":"<div class=\"image_container_inner_1\">\n<div class=\"image_container_inner_1\">\n<p>To\u010dno je. Donje rublje za vrijeme menstruacije mo\u017ee biti lijepo i \u010dak seksi. Na\u0161e crvene LaliPanties sa \u010dipkom su elegantna, funkcionalna i udobna alternativa klasi\u010dnim higijenskim proizvodima za vrijeme menstruacije, te \u0107e u\u010diniti curenje i mrlje od krvi na odje\u0107i stvar pro\u0161losti, ostavljaju\u0107i samo osje\u0107aj sigurnosti i udobnosti.<\/p>\n<p>UDOBNO \u2013 nje\u017ean materijal je prijateljski prema ko\u017ei i ne uzrokuje osip.<\/p>\n<p>EKOL\u0160KI PRIJATELJSKI \u2013 Za razliku od jednokratnih higijenskih proizvoda za menstruaciju, periodi\u010dne ga\u0107ice mogu se koristiti godinama.<\/p>\n<p>POUZDANE \u2013 pru\u017eaju dodatnu za\u0161titu sprijeda, straga i izme\u0111u nogu.<\/p>\n<p>JEDNOSTAVNE ZA KORI\u0160TENJE \u2013 kao obi\u010dno donje rublje, samo s dodatnom apsorpcijom.<\/p>\n<p>&nbsp;<\/p>\n<\/div>\n<\/div>","protected":false},"featured_media":8047,"comment_status":"closed","ping_status":"closed","template":"","meta":{"_mo_disable_npp":"","om_disable_all_campaigns":false},"product_brand":[],"product_cat":[21,50],"product_tag":[137,134,135,151,129,128,133,226,225,216,127,219,218,217,290,293,292,291],"class_list":{"0":"post-8021","1":"product","2":"type-product","3":"status-publish","4":"has-post-thumbnail","6":"product_cat-menstrual-hygiene","7":"product_cat-waterproof-pants","8":"product_tag-feminine-hygiene","9":"product_tag-incontinence","10":"product_tag-incontinence-panties","11":"product_tag-lalicup","12":"product_tag-lalicup-menstrual-panties","13":"product_tag-lalicup-panties","14":"product_tag-menstrual-panties","15":"product_tag-menstrual-panties-l","16":"product_tag-menstrual-panties-m","17":"product_tag-menstrual-panties-s","18":"product_tag-period-panties","19":"product_tag-period-panties-l","20":"product_tag-period-panties-m","21":"product_tag-period-panties-s","22":"product_tag-period-underwear","23":"product_tag-period-underwear-l","24":"product_tag-period-underwear-m","25":"product_tag-period-underwear-s","26":"pa_brand-lalicup","27":"pa_velikost-l","28":"pa_velikost-m","29":"pa_velikost-s","30":"pa_velikost-xl","31":"pa_velikost-xxl","32":"pa_velikost-xxxl","34":"first","35":"instock","36":"taxable","37":"shipping-taxable","38":"purchasable","39":"product-type-variable"},"aioseo_notices":[],"_links":{"self":[{"href":"https:\/\/lalicup.com\/hr\/wp-json\/wp\/v2\/product\/8021","targetHints":{"allow":["GET"]}}],"collection":[{"href":"https:\/\/lalicup.com\/hr\/wp-json\/wp\/v2\/product"}],"about":[{"href":"https:\/\/lalicup.com\/hr\/wp-json\/wp\/v2\/types\/product"}],"replies":[{"embeddable":true,"href":"https:\/\/lalicup.com\/hr\/wp-json\/wp\/v2\/comments?post=8021"}],"wp:featuredmedia":[{"embeddable":true,"href":"https:\/\/lalicup.com\/hr\/wp-json\/wp\/v2\/media\/8047"}],"wp:attachment":[{"href":"https:\/\/lalicup.com\/hr\/wp-json\/wp\/v2\/media?parent=8021"}],"wp:term":[{"taxonomy":"product_brand","embeddable":true,"href":"https:\/\/lalicup.com\/hr\/wp-json\/wp\/v2\/product_brand?post=8021"},{"taxonomy":"product_cat","embeddable":true,"href":"https:\/\/lalicup.com\/hr\/wp-json\/wp\/v2\/product_cat?post=8021"},{"taxonomy":"product_tag","embeddable":true,"href":"https:\/\/lalicup.com\/hr\/wp-json\/wp\/v2\/product_tag?post=8021"}],"curies":[{"name":"wp","href":"https:\/\/api.w.org\/{rel}","templated":true}]}}