{"id":9232,"date":"2022-10-05T11:58:06","date_gmt":"2022-10-05T11:58:06","guid":{"rendered":"https:\/\/lalicup.com\/?post_type=product&#038;p=9232"},"modified":"2025-03-20T10:21:30","modified_gmt":"2025-03-20T10:21:30","slug":"lali-yeast-infection-prevention","status":"publish","type":"product","link":"https:\/\/lalicup.com\/hr\/shop\/lali-yeast-infection-prevention\/","title":{"rendered":"PREBIOTIK: Rebalansiraju\u0107i tretman za prevenciju infekcija"},"content":{"rendered":"<p>Pakiranje uklju\u010duje:<\/p>\n<p class=\"translation-block\">- <strong>Vidermina Prebiotic vaginalne \u010depi\u0107e<\/strong> <strong>10 x 3g \u2013 <\/strong>Vidermina Prebiotic je linija s kiselom pH vrijedno\u0161\u0107u (3,8) za preventivnu upotrebu protiv ponovnih vaginalnih upala (vaginoza i vaginitis). Njegova formula poma\u017ee obnoviti ravnote\u017eu vaginalne mikroflore i ja\u010da aktivnost va\u0161ih vlastitih Lactobacillusa.<\/p>\n<p>&#8211; <strong>Vidermina Prebiotic pjenu za \u010di\u0161\u0107enje <\/strong>s blago kiselom formulom (pH 3.0 - 3.5) namijenjena je svakodnevnoj upotrebi. Nje\u017eno \u010disti i istovremeno poma\u017ee u odr\u017eavanju ravnote\u017ee lokalne mikrobiolo\u0161ke flore. Djeluje kao preventivna terapija u slu\u010daju ponovnih pojava vaginitisa i vaginoze. Djeluje kao potporni tretman tijekom stresnih perioda i tijekom trudno\u0107e.<\/p>\n<p class=\"translation-block\">\u2013 <strong>LaliCup menstrualna \u010da\u0161ica<\/strong>: ne brinite, ako ve\u0107 koristite LaliCup sretni korisnik, postoji opcija za Vidermina paket i bez LaliCup-a<\/p>","protected":false},"excerpt":{"rendered":"<p>Pakiranje sadr\u017ei:<\/p>\n<p class=\"translation-block\">- <strong>Vidermina Prebiotic vaginalne \u010depi\u0107e<\/strong> <strong>10 x 3g \u2013 <\/strong>Vidermina Prebiotic je linija s kiselom pH vrijedno\u0161\u0107u (3,8) za preventivnu upotrebu protiv ponovnih vaginalnih upala (vaginoza i vaginitis). Njegova formula poma\u017ee obnoviti ravnote\u017eu vaginalne mikroflore i ja\u010da aktivnost va\u0161ih vlastitih Lactobacillusa.<\/p>\n<p>&#8211; <strong>Vidermina Prebiotic pjenu za \u010di\u0161\u0107enje <\/strong>s blago kiselom formulom (pH 3.0 - 3.5) namijenjena je svakodnevnoj upotrebi. Nje\u017eno \u010disti i istovremeno poma\u017ee u odr\u017eavanju ravnote\u017ee lokalne mikrobiolo\u0161ke flore. Djeluje kao preventivna terapija u slu\u010daju ponovnih pojava vaginitisa i vaginoze. Djeluje kao potporni tretman tijekom stresnih perioda i tijekom trudno\u0107e.<\/p>\n<p class=\"translation-block\">\u2013 <strong>LaliCup menstrualna \u010da\u0161ica<\/strong>: ne brinite, ako ve\u0107 koristite LaliCup sretni korisnik, postoji opcija za Vidermina paket i bez LaliCup-a<\/p>","protected":false},"featured_media":9258,"comment_status":"closed","ping_status":"closed","template":"","meta":{"_mo_disable_npp":"","om_disable_all_campaigns":false},"product_brand":[],"product_cat":[32,21],"product_tag":[154,125,137,134,151,129,44,38,215,206,159,157,122,209,208,207,210,124,312,313,310,314,311],"class_list":{"0":"post-9232","1":"product","2":"type-product","3":"status-publish","4":"has-post-thumbnail","6":"product_cat-menstrual-cup","7":"product_cat-menstrual-hygiene","8":"product_tag-best-menstrual-cup","9":"product_tag-best-period-cup","10":"product_tag-feminine-hygiene","11":"product_tag-incontinence","12":"product_tag-lalicup","13":"product_tag-lalicup-menstrual-panties","14":"product_tag-lalicup-model-l","15":"product_tag-lalicup-model-m","16":"product_tag-lalicup-model-s","17":"product_tag-lalicup-model-xl","18":"product_tag-lalicup-size","19":"product_tag-lalicup-sizes","20":"product_tag-menstrual-cup","21":"product_tag-menstrual-cup-l","22":"product_tag-menstrual-cup-m","23":"product_tag-menstrual-cup-s","24":"product_tag-menstrual-cup-xl","25":"product_tag-period-cup","26":"product_tag-prebiotic-globules","27":"product_tag-vaginal-ovules","28":"product_tag-vidermina","29":"product_tag-vidermina-ovules","30":"product_tag-vidermina-prebiotic","31":"pa_model-model-xl","32":"pa_model-without-lalicup","33":"pa_model-model-l","34":"pa_model-model-m","35":"pa_model-model-s","37":"first","38":"instock","39":"taxable","40":"shipping-taxable","41":"purchasable","42":"product-type-variable"},"aioseo_notices":[],"_links":{"self":[{"href":"https:\/\/lalicup.com\/hr\/wp-json\/wp\/v2\/product\/9232","targetHints":{"allow":["GET"]}}],"collection":[{"href":"https:\/\/lalicup.com\/hr\/wp-json\/wp\/v2\/product"}],"about":[{"href":"https:\/\/lalicup.com\/hr\/wp-json\/wp\/v2\/types\/product"}],"replies":[{"embeddable":true,"href":"https:\/\/lalicup.com\/hr\/wp-json\/wp\/v2\/comments?post=9232"}],"wp:featuredmedia":[{"embeddable":true,"href":"https:\/\/lalicup.com\/hr\/wp-json\/wp\/v2\/media\/9258"}],"wp:attachment":[{"href":"https:\/\/lalicup.com\/hr\/wp-json\/wp\/v2\/media?parent=9232"}],"wp:term":[{"taxonomy":"product_brand","embeddable":true,"href":"https:\/\/lalicup.com\/hr\/wp-json\/wp\/v2\/product_brand?post=9232"},{"taxonomy":"product_cat","embeddable":true,"href":"https:\/\/lalicup.com\/hr\/wp-json\/wp\/v2\/product_cat?post=9232"},{"taxonomy":"product_tag","embeddable":true,"href":"https:\/\/lalicup.com\/hr\/wp-json\/wp\/v2\/product_tag?post=9232"}],"curies":[{"name":"wp","href":"https:\/\/api.w.org\/{rel}","templated":true}]}}