{"id":952,"date":"2019-06-13T07:30:06","date_gmt":"2019-06-13T07:30:06","guid":{"rendered":"http:\/\/lalicup.com\/?post_type=product&#038;p=952"},"modified":"2026-04-10T06:48:43","modified_gmt":"2026-04-10T06:48:43","slug":"period-scrundies-emilla","status":"publish","type":"product","link":"https:\/\/lalicup.com\/hr\/shop\/period-scrundies-emilla\/","title":{"rendered":"Period scrundies"},"content":{"rendered":"<p>Menstrualne ga\u0107ice su izra\u0111ene s nepropusnim slojem kao i s upijaju\u0107im jastu\u010di\u0107em u\u0161ivenim unutra. Zbog toga nema potrebe za kori\u0161tenjem dodatnih ulo\u017eaka. Zahvaljuju\u0107i pa\u017eljivo osmi\u0161ljenom dizajnu s d\u017eepi\u0107em za zrak, ova donje rublje za vrijeme menstruacije br\u017ee se su\u0161i nakon pranja. Scrundies se mogu koristiti za blagi do umjereni<\/p>\n<p>&nbsp;<\/p>","protected":false},"excerpt":{"rendered":"<p>The biggest advantage of period panties is that you can wear them without an additional pad or menstrual cup. They have a leak\u2011proof, absorbent pad sewn across the entire gusset, so no extra pads are needed. An integrated air pocket speeds up drying after washing.<\/p>\n<p>They are suitable for <strong>moderate to heavy flow<\/strong>, as cup backup, or for <strong>light to moderate incontinence<\/strong>. The scrundie design is more comfortable than regular underwear \u2014 the snug fit provides extra comfort even when you are bloated or experiencing cramps.<\/p>\n<p>Composition:<\/p>\n<p>95% Oekotex Standard 100 cotton + 5% Spandex<\/p>\n<p>Water-resistant layer: breathable Oekotex Standard 100 PUL<\/p>\n<p>Podrijetlo: EU<\/p>","protected":false},"featured_media":4526,"comment_status":"open","ping_status":"closed","template":"","meta":{"_mo_disable_npp":"","om_disable_all_campaigns":false},"product_brand":[],"product_cat":[21,50],"product_tag":[137,134,135,151,129,128,136,133,230,250,226,225,216,227,248,228,249,127,224,253,219,218,217,220,251,221,252,254,290,294,302,293,292,291,300,298,301],"class_list":{"0":"post-952","1":"product","2":"type-product","3":"status-publish","4":"has-post-thumbnail","6":"product_cat-menstrual-hygiene","7":"product_cat-waterproof-pants","8":"product_tag-feminine-hygiene","9":"product_tag-incontinence","10":"product_tag-incontinence-panties","11":"product_tag-lalicup","12":"product_tag-lalicup-menstrual-panties","13":"product_tag-lalicup-panties","14":"product_tag-leak-proof-panties","15":"product_tag-menstrual-panties","16":"product_tag-menstrual-panties-2xl","17":"product_tag-menstrual-panties-2xs","18":"product_tag-menstrual-panties-l","19":"product_tag-menstrual-panties-m","20":"product_tag-menstrual-panties-s","21":"product_tag-menstrual-panties-xl","22":"product_tag-menstrual-panties-xs","23":"product_tag-menstrual-panties-xxl","24":"product_tag-menstrual-panties-xxs","25":"product_tag-period-panties","26":"product_tag-period-panties-2xl","27":"product_tag-period-panties-2xs","28":"product_tag-period-panties-l","29":"product_tag-period-panties-m","30":"product_tag-period-panties-s","31":"product_tag-period-panties-xl","32":"product_tag-period-panties-xs","33":"product_tag-period-panties-xxl","34":"product_tag-period-panties-xxs","35":"product_tag-period-scrundies","36":"product_tag-period-underwear","37":"product_tag-period-underwear-2xl","38":"product_tag-period-underwear-2xs","39":"product_tag-period-underwear-l","40":"product_tag-period-underwear-m","41":"product_tag-period-underwear-s","42":"product_tag-period-underwear-xs","43":"product_tag-period-underwear-xxl","44":"product_tag-period-underwear-xxs","45":"pa_barva-monsters","46":"pa_barva-unicorn","47":"pa_brand-lalicup","48":"pa_velikost-l","49":"pa_velikost-m","50":"pa_velikost-s","51":"pa_velikost-xl","52":"pa_velikost-xs","53":"pa_velikost-xxl","54":"pa_velikost-xxs","55":"pa_velikost-xxxl","57":"first","58":"instock","59":"taxable","60":"shipping-taxable","61":"purchasable","62":"product-type-variable"},"aioseo_notices":[],"_links":{"self":[{"href":"https:\/\/lalicup.com\/hr\/wp-json\/wp\/v2\/product\/952","targetHints":{"allow":["GET"]}}],"collection":[{"href":"https:\/\/lalicup.com\/hr\/wp-json\/wp\/v2\/product"}],"about":[{"href":"https:\/\/lalicup.com\/hr\/wp-json\/wp\/v2\/types\/product"}],"replies":[{"embeddable":true,"href":"https:\/\/lalicup.com\/hr\/wp-json\/wp\/v2\/comments?post=952"}],"wp:featuredmedia":[{"embeddable":true,"href":"https:\/\/lalicup.com\/hr\/wp-json\/wp\/v2\/media\/4526"}],"wp:attachment":[{"href":"https:\/\/lalicup.com\/hr\/wp-json\/wp\/v2\/media?parent=952"}],"wp:term":[{"taxonomy":"product_brand","embeddable":true,"href":"https:\/\/lalicup.com\/hr\/wp-json\/wp\/v2\/product_brand?post=952"},{"taxonomy":"product_cat","embeddable":true,"href":"https:\/\/lalicup.com\/hr\/wp-json\/wp\/v2\/product_cat?post=952"},{"taxonomy":"product_tag","embeddable":true,"href":"https:\/\/lalicup.com\/hr\/wp-json\/wp\/v2\/product_tag?post=952"}],"curies":[{"name":"wp","href":"https:\/\/api.w.org\/{rel}","templated":true}]}}